{"id":292,"date":"2018-10-23T02:28:06","date_gmt":"2018-10-23T02:28:06","guid":{"rendered":"https:\/\/learts.thememove.com\/?page_id=292"},"modified":"2025-11-03T18:57:29","modified_gmt":"2025-11-03T18:57:29","slug":"contactez-nous","status":"publish","type":"page","link":"https:\/\/mysteretbouledegomme.com\/en\/contactez-nous\/","title":{"rendered":"Contact"},"content":{"rendered":"<div class=\"wpb-content-wrapper\"><div class=\"vc_row wpb_row row\"><div class=\"wpb_column vc_column_container col-sm-12\"><div class=\"vc_column-inner vc_custom_1540267859285\"><div class=\"wpb_wrapper\"><h2 style=\"font-size: 40px;color: #1E73BE;line-height: 56px;text-align: center;font-family:Marcellus;font-weight:400;font-style:normal\" class=\"vc_custom_heading\" >Restons en contact<\/h2>\n\t<div class=\"wpb_text_column wpb_content_element\" >\n\t\t<div class=\"wpb_wrapper\">\n\t\t\t<p style=\"text-align: center;\"><span style=\"color: #000000;\">Une question, une envie sur mesure\u00a0 ou simplement un petit mot doux ?<\/span><\/p>\n<p style=\"text-align: center;\"><span style=\"color: #000000;\">Ecrivez moi, je serai ravie d&#8217;\u00e9changer avec vous autour de mes cr\u00e9ations.<\/span><\/p>\n<p style=\"text-align: center;\"><span style=\"color: #000000;\">Chaque message re\u00e7oit toute mon attention.<\/span><\/p>\n\n\t\t<\/div>\n\t<\/div>\n\n<div class=\"tm-shortcode learts-space\" id=\"learts-space-1\"><\/div>\n<\/div><\/div><\/div><\/div><div class=\"vc_row wpb_row row\"><div class=\"wpb_column vc_column_container col-sm-4\"><div class=\"vc_column-inner\"><div class=\"wpb_wrapper\"><div class=\"tm-shortcode learts-icon-box middle left  id=\"tm-icon-box-69dff191b974f \">\n\n\n\t<div style=\"font-size:32px\"\n\t     class=\"tm-icon-box__icon with-bg circle\">\n\t\t\t\t\t\t\t\t\t<i style=\"color: #ffffff;background-color: #EED8CA;\"\n\t\t\t\t   class=\"ion-location\"><\/i>\n\t\t\t\t\t\t\t<\/div>\n\n\n\t<div class=\"tm-icon-box__content\">\n\t\t\t\t\t<div class=\"title\"\n\t\t\t     style=\"color: #333333; font-size:18px\">\n\t\t\t\t\t\t\t\t\tPOINT DE VENTE\t\t\t\t\t\t\t\t<\/div>\n\t\t\t\t\t\t\t<div class=\"description\"\n\t\t\t     style=\"color: #5E5B5B; font-size:18px\">Vous pouvez retrouver quelque unes de mes cr\u00e9ations<\/p>\n<p>chez Place des Patronnes a Lille<\/div>\n\t\t\t\t\t<\/div>\n\n<\/div>\n\n<div class=\"tm-shortcode learts-space\" id=\"learts-space-2\"><\/div>\n\n<a class=\"tm-shortcode learts-button button custom  medium  btn-only-text vc_custom_1762177611083\"\n\thref=\"https:\/\/placedespatronnes.com\/\"\n\ttitle=\"+ Online store\"\n\ttarget=\"_self\"\n\trel=\"\"\n\tid=\"learts-button-3\"\n>\n<span>\n    \t\t\t+ Online store\t\t<\/span>\n<\/a>\n\n<\/div><\/div><\/div><div class=\"wpb_column vc_column_container col-sm-4\"><div class=\"vc_column-inner\"><div class=\"wpb_wrapper\">\n<div class=\"tm-shortcode learts-space\" id=\"learts-space-4\"><\/div>\n<div class=\"tm-shortcode learts-icon-box middle left  id=\"tm-icon-box-69dff191b9bfd \">\n\n\n\t<div style=\"font-size:32px\"\n\t     class=\"tm-icon-box__icon with-bg circle\">\n\t\t\t\t\t\t\t\t\t<i style=\"color: #ffffff;background-color: #EED8CA;\"\n\t\t\t\t   class=\"ion-ios-telephone\"><\/i>\n\t\t\t\t\t\t\t<\/div>\n\n\n\t<div class=\"tm-icon-box__content\">\n\t\t\t\t\t<div class=\"title\"\n\t\t\t     style=\"color: #222222; font-size:16px\">\n\t\t\t\t\t\t\t\t\tCONTACT\t\t\t\t\t\t\t\t<\/div>\n\t\t\t\t\t\t\t<\/div>\n\n<\/div>\n<div class=\"tm-shortcode learts-icon-box middle left  id=\"tm-icon-box-69dff191b9c63 \">\n\n\n\t<div style=\"font-size:32px\"\n\t     class=\"tm-icon-box__icon with-bg circle\">\n\t\t\t\t\t\t\t\t\t<i style=\"color: #ffffff;background-color: #EED8CA;\"\n\t\t\t\t   class=\"ion-ios-email\"><\/i>\n\t\t\t\t\t\t\t<\/div>\n\n\n\t<div class=\"tm-icon-box__content\">\n\t\t\t\t\t<div class=\"title\"\n\t\t\t     style=\"color: #222222; font-size:18px\">\n\t\t\t\t\t\t\t\t\tMail\t\t\t\t\t\t\t\t<\/div>\n\t\t\t\t\t\t\t<div class=\"description\"\n\t\t\t     style=\"color: #5E5B5B; font-size:18px\">mysteretbouledegomme59@gmail.com<\/div>\n\t\t\t\t\t<\/div>\n\n<\/div>\n<\/div><\/div><\/div><div class=\"wpb_column vc_column_container col-sm-4\"><div class=\"vc_column-inner\"><div class=\"wpb_wrapper\">\n<div class=\"tm-shortcode learts-space\" id=\"learts-space-5\"><\/div>\n<div class=\"tm-shortcode learts-icon-box middle left  id=\"tm-icon-box-69dff191b9d87 \">\n\n\n\t<div style=\"font-size:32px\"\n\t     class=\"tm-icon-box__icon with-bg circle\">\n\t\t\t\t\t\t\t\t\t<i style=\"color: #ffffff;background-color: #EED8CA;\"\n\t\t\t\t   class=\"ion-ios-clock-outline\"><\/i>\n\t\t\t\t\t\t\t<\/div>\n\n\n\t<div class=\"tm-icon-box__content\">\n\t\t\t\t\t<div class=\"title\"\n\t\t\t     style=\"color: #222222; font-size:18px\">\n\t\t\t\t\t\t\t\t\tADRESSE DE MON ATELIER\t\t\t\t\t\t\t\t<\/div>\n\t\t\t\t\t\t\t<div class=\"description\"\n\t\t\t     style=\"color: #5E5B5B; font-size:18px\">5 ter rue Marcel Sembat<\/p>\n<p>59135 Wallers<\/p>\n<p>Sur rendez vous uniquement<\/div>\n\t\t\t\t\t<\/div>\n\n<\/div>\n<\/div><\/div><\/div><\/div><div class=\"vc_row wpb_row row\"><div class=\"wpb_column vc_column_container col-sm-12\"><div class=\"vc_column-inner vc_custom_1762196244769\"><div class=\"wpb_wrapper\"><style id=\"wpforms-css-vars-4204\">\n\t\t\t\t#wpforms-4204 {\n\t\t\t\t--wpforms-container-padding: 0px;\n--wpforms-container-border-width: 1px;\n--wpforms-container-border-radius: 3px;\n--wpforms-background-color: rgba(0, 0, 0, 0);\n--wpforms-field-size-input-height: 43px;\n--wpforms-field-size-input-spacing: 15px;\n--wpforms-field-size-font-size: 16px;\n--wpforms-field-size-line-height: 19px;\n--wpforms-field-size-padding-h: 14px;\n--wpforms-field-size-checkbox-size: 16px;\n--wpforms-field-size-sublabel-spacing: 5px;\n--wpforms-field-size-icon-size: 1;\n--wpforms-label-size-font-size: 16px;\n--wpforms-label-size-line-height: 19px;\n--wpforms-label-size-sublabel-font-size: 14px;\n--wpforms-label-size-sublabel-line-height: 17px;\n--wpforms-button-size-font-size: 17px;\n--wpforms-button-size-height: 41px;\n--wpforms-button-size-padding-h: 15px;\n--wpforms-button-size-margin-top: 10px;\n--wpforms-container-shadow-size-box-shadow: none;\n\t\t\t}\n\t\t\t<\/style><div class=\"wpforms-container wpforms-container-full wpforms-render-modern\" id=\"wpforms-4204\"><form id=\"wpforms-form-4204\" class=\"wpforms-validate wpforms-form wpforms-ajax-form\" data-formid=\"4204\" method=\"post\" enctype=\"multipart\/form-data\" action=\"\/en\/wp-json\/wp\/v2\/pages\/292\" data-token=\"81d0803f3fd2848c24fcc35bad73115f\" data-token-time=\"1776284049\" data-trp-original-action=\"\/en\/wp-json\/wp\/v2\/pages\/292\"><noscript class=\"wpforms-error-noscript\">Please enable JavaScript in your browser to complete this form.<\/noscript><div id=\"wpforms-error-noscript\" style=\"display: none;\">Please enable JavaScript in your browser to complete this form.<\/div><div class=\"wpforms-field-container\"><div id=\"wpforms-4204-field_1-container\" class=\"wpforms-field wpforms-field-name\" data-field-id=\"1\"><fieldset><legend class=\"wpforms-field-label\">Nom <span class=\"wpforms-required-label\" aria-hidden=\"true\">*<\/span><\/legend><div class=\"wpforms-field-row wpforms-field-medium\"><div class=\"wpforms-field-row-block wpforms-first wpforms-one-half\"><input type=\"text\" id=\"wpforms-4204-field_1\" class=\"wpforms-field-name-first wpforms-field-required\" name=\"wpforms[fields][1][first]\" aria-errormessage=\"wpforms-4204-field_1-error\" required><label for=\"wpforms-4204-field_1\" class=\"wpforms-field-sublabel after\">First<\/label><\/div><div class=\"wpforms-field-row-block wpforms-one-half\"><input type=\"text\" id=\"wpforms-4204-field_1-last\" class=\"wpforms-field-name-last wpforms-field-required\" name=\"wpforms[fields][1][last]\" aria-errormessage=\"wpforms-4204-field_1-last-error\" required><label for=\"wpforms-4204-field_1-last\" class=\"wpforms-field-sublabel after\">Last<\/label><\/div><\/div><\/fieldset><\/div><div id=\"wpforms-4204-field_2-container\" class=\"wpforms-field wpforms-field-email\" data-field-id=\"2\"><label class=\"wpforms-field-label\" for=\"wpforms-4204-field_2\">E-mail <span class=\"wpforms-required-label\" aria-hidden=\"true\">*<\/span><\/label><input type=\"email\" id=\"wpforms-4204-field_2\" class=\"wpforms-field-medium wpforms-field-required\" name=\"wpforms[fields][2]\" spellcheck=\"false\" aria-errormessage=\"wpforms-4204-field_2-error\" required><\/div>\t\t<div id=\"wpforms-4204-field_5-container\"\n\t\t\tclass=\"wpforms-field wpforms-field-text\"\n\t\t\tdata-field-type=\"text\"\n\t\t\tdata-field-id=\"5\"\n\t\t\t>\n\t\t\t<label class=\"wpforms-field-label\" for=\"wpforms-4204-field_5\" >E-mail Commentaire E-mail<\/label>\n\t\t\t<input type=\"text\" id=\"wpforms-4204-field_5\" class=\"wpforms-field-medium\" name=\"wpforms[fields][5]\" >\n\t\t<\/div>\n\t\t<div id=\"wpforms-4204-field_3-container\" class=\"wpforms-field wpforms-field-textarea\" data-field-id=\"3\"><label class=\"wpforms-field-label\" for=\"wpforms-4204-field_3\">Commentaire ou message<\/label><textarea id=\"wpforms-4204-field_3\" class=\"wpforms-field-medium\" name=\"wpforms[fields][3]\" aria-errormessage=\"wpforms-4204-field_3-error\" ><\/textarea><\/div><div id=\"wpforms-4204-field_4-container\" class=\"wpforms-field wpforms-field-email\" data-field-id=\"4\"><label class=\"wpforms-field-label\" for=\"wpforms-4204-field_4\">E-mail <span class=\"wpforms-required-label\" aria-hidden=\"true\">*<\/span><\/label><input type=\"email\" id=\"wpforms-4204-field_4\" class=\"wpforms-field-medium wpforms-field-required\" name=\"wpforms[fields][4]\" spellcheck=\"false\" aria-errormessage=\"wpforms-4204-field_4-error\" required><\/div><script>\n\t\t\t\t( function() {\n\t\t\t\t\tconst style = document.createElement( 'style' );\n\t\t\t\t\tstyle.appendChild( document.createTextNode( '#wpforms-4204-field_5-container { position: absolute !important; overflow: hidden !important; display: inline !important; height: 1px !important; width: 1px !important; z-index: -1000 !important; padding: 0 !important; } #wpforms-4204-field_5-container input { visibility: hidden; } #wpforms-conversational-form-page #wpforms-4204-field_5-container label { counter-increment: none; }' ) );\n\t\t\t\t\tdocument.head.appendChild( style );\n\t\t\t\t\tdocument.currentScript?.remove();\n\t\t\t\t} )();\n\t\t\t<\/script><\/div><!-- .wpforms-field-container --><div class=\"wpforms-submit-container\" ><input type=\"hidden\" name=\"wpforms[id]\" value=\"4204\"><input type=\"hidden\" name=\"page_title\" value=\"\"><input type=\"hidden\" name=\"page_url\" value=\"https:\/\/mysteretbouledegomme.com\/en\/wp-json\/wp\/v2\/pages\/292\"><input type=\"hidden\" name=\"url_referer\" value=\"\"><button type=\"submit\" name=\"wpforms[submit]\" id=\"wpforms-submit-4204\" class=\"wpforms-submit\" data-alt-text=\"Envoi...\" data-submit-text=\"Envoyer\" aria-live=\"assertive\" value=\"wpforms-submit\">Envoyer<\/button><img loading=\"lazy\" decoding=\"async\" src=\"https:\/\/mysteretbouledegomme.com\/wp-content\/plugins\/wpforms-lite\/assets\/images\/submit-spin.svg\" class=\"wpforms-submit-spinner\" style=\"display: none;\" width=\"26\" height=\"26\" alt=\"Loading\"><\/div><input type=\"hidden\" name=\"trp-form-language\" value=\"en\"\/><\/form><\/div>  <!-- .wpforms-container --><\/div><\/div><\/div><\/div>\n<\/div>","protected":false},"excerpt":{"rendered":"Restons en contact Une question, une envie sur mesure\u00a0 ou simplement un petit mot doux ? Ecrivez moi, je serai ravie d'\u00e9changer avec vous autour de mes cr\u00e9ations. Chaque message re\u00e7oit toute mon attention. CONTACT ADRESSE DE MON ATELIER 5 ter rue Marcel Sembat 59135 Wallers Sur rendez vous uniquement Please enable JavaScript in your [...]","protected":false},"author":1,"featured_media":4211,"parent":0,"menu_order":0,"comment_status":"closed","ping_status":"closed","template":"","meta":{"om_disable_all_campaigns":false,"_monsterinsights_skip_tracking":false,"_monsterinsights_sitenote_active":false,"_monsterinsights_sitenote_note":"","_monsterinsights_sitenote_category":0,"_uf_show_specific_survey":0,"_uf_disable_surveys":false,"footnotes":""},"class_list":["post-292","page","type-page","status-publish","has-post-thumbnail","hentry"],"aioseo_notices":[],"_hostinger_reach_plugin_has_subscription_block":false,"_hostinger_reach_plugin_is_elementor":false,"_links":{"self":[{"href":"https:\/\/mysteretbouledegomme.com\/en\/wp-json\/wp\/v2\/pages\/292","targetHints":{"allow":["GET"]}}],"collection":[{"href":"https:\/\/mysteretbouledegomme.com\/en\/wp-json\/wp\/v2\/pages"}],"about":[{"href":"https:\/\/mysteretbouledegomme.com\/en\/wp-json\/wp\/v2\/types\/page"}],"author":[{"embeddable":true,"href":"https:\/\/mysteretbouledegomme.com\/en\/wp-json\/wp\/v2\/users\/1"}],"replies":[{"embeddable":true,"href":"https:\/\/mysteretbouledegomme.com\/en\/wp-json\/wp\/v2\/comments?post=292"}],"version-history":[{"count":17,"href":"https:\/\/mysteretbouledegomme.com\/en\/wp-json\/wp\/v2\/pages\/292\/revisions"}],"predecessor-version":[{"id":4239,"href":"https:\/\/mysteretbouledegomme.com\/en\/wp-json\/wp\/v2\/pages\/292\/revisions\/4239"}],"wp:featuredmedia":[{"embeddable":true,"href":"https:\/\/mysteretbouledegomme.com\/en\/wp-json\/wp\/v2\/media\/4211"}],"wp:attachment":[{"href":"https:\/\/mysteretbouledegomme.com\/en\/wp-json\/wp\/v2\/media?parent=292"}],"curies":[{"name":"wp","href":"https:\/\/api.w.org\/{rel}","templated":true}]}}