{"id":350,"date":"2018-10-24T03:01:46","date_gmt":"2018-10-24T03:01:46","guid":{"rendered":"https:\/\/learts.thememove.com\/?page_id=350"},"modified":"2025-11-08T09:55:56","modified_gmt":"2025-11-08T09:55:56","slug":"about-us","status":"publish","type":"page","link":"https:\/\/mysteretbouledegomme.com\/en\/about-us\/","title":{"rendered":"A propos"},"content":{"rendered":"<div class=\"wpb-content-wrapper\"><div class=\"vc_row wpb_row row\"><div class=\"wpb_column vc_column_container col-sm-6\"><div class=\"vc_column-inner\"><div class=\"wpb_wrapper\">\n<div class=\"tm-shortcode learts-space\" id=\"learts-space-1\"><\/div>\n<div style=\"font-size: 18px;color: #333333;line-height: 28px;text-align: left;font-family:ABeeZee;font-weight:400;font-style:normal\" class=\"vc_custom_heading vc_custom_1548644738682 use_font_futura\" >Live out your life.<\/div><div style=\"font-size: 40px;color: #1E73BE;line-height: 56px;text-align: left;font-family:Marcellus;font-weight:400;font-style:normal\" class=\"vc_custom_heading vc_custom_1761569188192\" >Le bonheur de<br \/>\ncr\u00e9er de ses mains<\/div>\n\t<div class=\"wpb_text_column wpb_content_element\" >\n\t\t<div class=\"wpb_wrapper\">\n\t\t\t<p>C&#8217;est une histoire de douceur, de patience et de magie.<\/p>\n<p>Transformer une simple m\u00e8che de laine de mouton en un petit monde po\u00e9tique, c&#8217;est ressentir cette fiert\u00e9 silencieuse, celle du coeur qui sourit quand l&#8217;imaginaire prend forme.<\/p>\n<p>Je m&#8217;appelle Agn\u00e8s, je suis d\u00e9signer textile et r\u00eaveuse incurable.<\/p>\n<p>mon parcours n&#8217;a rien de lin\u00e9aire. J&#8217;ai explor\u00e9 bien des chemins avant de trouver celui qui fait vraiment battre mon coeur : la laine card\u00e9e<\/p>\n<p>Depuis toujours, j&#8217;aime cr\u00e9er de mes mains &#8211; j&#8217;ai cousu, crochet\u00e9, imagin\u00e9, bricol\u00e9 , mais un jour, j&#8217;ai d\u00e9couvert cette mati\u00e8re vivante, douce et un peu magique , qui se transforme lentement sous l&#8217;aiguille.<\/p>\n\n\t\t<\/div>\n\t<\/div>\n<\/div><\/div><\/div><div class=\"wpb_column vc_column_container col-sm-6\"><div class=\"vc_column-inner\"><div class=\"wpb_wrapper\">\n<div class=\"tm-shortcode learts-space\" id=\"learts-space-2\"><\/div>\n\n\t<div  class=\"wpb_single_image wpb_content_element vc_align_center\">\n\t\t\n\t\t<figure class=\"wpb_wrapper vc_figure\">\n\t\t\t<div class=\"vc_single_image-wrapper   vc_box_border_grey\"><img loading=\"lazy\" decoding=\"async\" width=\"1920\" height=\"2560\" src=\"https:\/\/mysteretbouledegomme.com\/wp-content\/uploads\/2025\/10\/IMG_4387-scaled.jpeg\" class=\"vc_single_image-img attachment-full\" alt=\"\" title=\"IMG_4387\" srcset=\"https:\/\/mysteretbouledegomme.com\/wp-content\/uploads\/2025\/10\/IMG_4387-scaled.jpeg 1920w, https:\/\/mysteretbouledegomme.com\/wp-content\/uploads\/2025\/10\/IMG_4387-800x1067.jpeg 800w, https:\/\/mysteretbouledegomme.com\/wp-content\/uploads\/2025\/10\/IMG_4387-225x300.jpeg 225w, https:\/\/mysteretbouledegomme.com\/wp-content\/uploads\/2025\/10\/IMG_4387-768x1024.jpeg 768w, https:\/\/mysteretbouledegomme.com\/wp-content\/uploads\/2025\/10\/IMG_4387-1152x1536.jpeg 1152w, https:\/\/mysteretbouledegomme.com\/wp-content\/uploads\/2025\/10\/IMG_4387-1536x2048.jpeg 1536w, https:\/\/mysteretbouledegomme.com\/wp-content\/uploads\/2025\/10\/IMG_4387-600x800.jpeg 600w, https:\/\/mysteretbouledegomme.com\/wp-content\/uploads\/2025\/10\/IMG_4387-540x720.jpeg 540w\" sizes=\"auto, (max-width: 1920px) 100vw, 1920px\" \/><\/div>\n\t\t<\/figure>\n\t<\/div>\n<\/div><\/div><\/div><\/div><div data-vc-full-width=\"true\" data-vc-full-width-init=\"false\" class=\"vc_row wpb_row row\"><div class=\"wpb_column vc_column_container col-sm-4\"><div class=\"vc_column-inner\"><div class=\"wpb_wrapper\"><div class=\"vc_empty_space\"   style=\"height: 32px\"><span class=\"vc_empty_space_inner\"><\/span><\/div>\n<div class=\"tm-shortcode learts-space\" id=\"learts-space-3\"><\/div>\n<div style=\"font-size: 16px;color: #1E73BE;line-height: 26px;text-align: center;font-family:ABeeZee;font-weight:400;font-style:normal\" class=\"vc_custom_heading ls-2 vc_custom_1761569125518 use_font_futura\" >EMBALL\u00c9 AVEC DOUCEUR<\/div>\n\t<div class=\"wpb_text_column wpb_content_element vc_custom_1761568726839\" >\n\t\t<div class=\"wpb_wrapper\">\n\t\t\t<p style=\"text-align: center;\">Mister Jingles o\u00f9 ses amis quittent l&#8217;atelier bien \u00e0 l&#8217;abri dans sa boite magique qui sera exp\u00e9di\u00e9 sous 2 \u00e0 5 jours ouvr\u00e9s. Chaque colis est pr\u00e9par\u00e9 avec le m\u00eame soin que mes cr\u00e9ations<\/p>\n\n\t\t<\/div>\n\t<\/div>\n<\/div><\/div><\/div><div class=\"wpb_column vc_column_container col-sm-4 vc_col-has-fill\"><div class=\"vc_column-inner vc_custom_1761567274508\"><div class=\"wpb_wrapper\"><div class=\"vc_empty_space\"   style=\"height: 32px\"><span class=\"vc_empty_space_inner\"><\/span><\/div>\n<div class=\"tm-shortcode learts-space\" id=\"learts-space-4\"><\/div>\n<div style=\"font-size: 16px;color: #1E73BE;line-height: 26px;text-align: center;font-family:ABeeZee;font-weight:400;font-style:normal\" class=\"vc_custom_heading ls-2 vc_custom_1761569103170 use_font_futura\" >RETOURS POSSIBLES<\/div>\n\t<div class=\"wpb_text_column wpb_content_element vc_custom_1761568554341\" >\n\t\t<div class=\"wpb_wrapper\">\n\t\t\t<p style=\"text-align: center;\">Si votre cr\u00e9ation ne correspond pas \u00e0 vos attentes, vous disposez de 7 jours pour me la retourner dans son emballage d&#8217;origine. Chaque adoption doit \u00eatre un vrai coup de coeur.<\/p>\n\n\t\t<\/div>\n\t<\/div>\n<\/div><\/div><\/div><div class=\"wpb_column vc_column_container col-sm-4\"><div class=\"vc_column-inner vc_custom_1525494339206\"><div class=\"wpb_wrapper\"><div class=\"vc_empty_space\"   style=\"height: 32px\"><span class=\"vc_empty_space_inner\"><\/span><\/div>\n<div class=\"tm-shortcode learts-space\" id=\"learts-space-5\"><\/div>\n<div style=\"font-size: 16px;color: #1E73BE;line-height: 26px;text-align: center;font-family:ABeeZee;font-weight:400;font-style:normal\" class=\"vc_custom_heading ls-2 vc_custom_1761569071724 use_font_futura\" >PAIEMENT S\u00c9CURIS\u00c9<\/div>\n\t<div class=\"wpb_text_column wpb_content_element\" >\n\t\t<div class=\"wpb_wrapper\">\n\t\t\t<p style=\"text-align: center;\">R\u00e9glez vos achats en toute confiance gr\u00e2ce aux paiement 100% s\u00e9curis\u00e9. La magie peut commencer en toute s\u00e9r\u00e9nit\u00e9.<\/p>\n<p>\u00a0<\/p>\n\n\t\t<\/div>\n\t<\/div>\n<\/div><\/div><\/div><\/div><div class=\"vc_row-full-width vc_clearfix\"><\/div><div class=\"vc_row wpb_row row\"><div class=\"wpb_column vc_column_container col-sm-12\"><div class=\"vc_column-inner vc_custom_1540354255393\"><div class=\"wpb_wrapper\">\n<div class=\"tm-shortcode learts-space\" id=\"learts-space-6\"><\/div>\n\n<div class=\"tm-shortcode learts-space\" id=\"learts-space-7\"><\/div>\n\n\t<div class=\"wpb_video_widget wpb_content_element vc_clearfix   vc_video-aspect-ratio-169 vc_video-el-width-100 vc_video-align-left\" >\n\t\t<div class=\"wpb_wrapper\">\n\t\t\t\n\t\t\t<div class=\"wpb_video_wrapper\"><iframe loading=\"lazy\" title=\"Tuto rond et cylindre en laine card\u00e9e\" width=\"500\" height=\"281\" src=\"https:\/\/www.youtube.com\/embed\/45WWbnearPM?feature=oembed\" frameborder=\"0\" allow=\"accelerometer; autoplay; clipboard-write; encrypted-media; gyroscope; picture-in-picture; web-share\" referrerpolicy=\"strict-origin-when-cross-origin\" allowfullscreen><\/iframe><\/div>\n\t\t<\/div>\n\t<\/div>\n<\/div><\/div><\/div><\/div><div class=\"vc_row wpb_row row\"><div class=\"wpb_column vc_column_container col-sm-4\"><div class=\"vc_column-inner\"><div class=\"wpb_wrapper\"><div style=\"font-size: 40px;color: #1E73BE;line-height: 40px;text-align: left;font-family:Marcellus;font-weight:400;font-style:normal\" class=\"vc_custom_heading w-250\" >la magie de Myst\u00e8re &amp; Boule de gomme<\/div><\/div><\/div><\/div><div class=\"wpb_column vc_column_container col-sm-4\"><div class=\"vc_column-inner\"><div class=\"wpb_wrapper\">\n<div class=\"tm-shortcode learts-space\" id=\"learts-space-8\"><\/div>\n<div style=\"font-size: 18px;color: #1E73BE;line-height: 32px;text-align: left;font-family:ABeeZee;font-weight:400;font-style:normal\" class=\"vc_custom_heading fw-600 vc_custom_1761569348884 use_font_futura\" >Fait main avec amour<\/div>\n\t<div class=\"wpb_text_column wpb_content_element\" >\n\t\t<div class=\"wpb_wrapper\">\n\t\t\t<p><span style=\"color: #000000;\"><strong>Des histoires \u00e0 raconter<\/strong><\/span><\/p>\n<p>Chaque pi\u00e8ce est sculpt\u00e9e gr\u00e2ce \u00e0 la technique du feutrage \u00e0 l&#8217;aiguille dans mon atelier \u00e0 Wallers, avec de la laine de mouton 100% naturelle et biod\u00e9gradable.<\/p>\n\n\t\t<\/div>\n\t<\/div>\n<div style=\"font-size: 18px;color: #1E73BE;line-height: 32px;text-align: left;font-family:ABeeZee;font-weight:400;font-style:normal\" class=\"vc_custom_heading fw-600 vc_custom_1761569384713 use_font_futura\" >Authenticit\u00e9 &amp; douceur<\/div>\n\t<div class=\"wpb_text_column wpb_content_element\" >\n\t\t<div class=\"wpb_wrapper\">\n\t\t\t<p><span style=\"color: #000000;\"><strong>Fait main avec amour<\/strong><\/span><\/p>\n<p>Chaque personne a une \u00e2me, un petit caract\u00e8re, une histoire \u00e0 inventer.<\/p>\n<p>ici, on parle d&#8217;\u00e9motions, de po\u00e9sie et de r\u00eaves \u00e0 adopter.<\/p>\n\n\t\t<\/div>\n\t<\/div>\n<\/div><\/div><\/div><div class=\"wpb_column vc_column_container col-sm-4\"><div class=\"vc_column-inner\"><div class=\"wpb_wrapper\">\n<div class=\"tm-shortcode learts-space\" id=\"learts-space-9\"><\/div>\n<div style=\"font-size: 18px;color: #1E73BE;line-height: 32px;text-align: left;font-family:ABeeZee;font-weight:400;font-style:normal\" class=\"vc_custom_heading fw-600 vc_custom_1761569359767 use_font_futura\" >Engagement et qualit\u00e9<\/div>\n\t<div class=\"wpb_text_column wpb_content_element\" >\n\t\t<div class=\"wpb_wrapper\">\n\t\t\t<p><span style=\"color: #000000;\"><strong>Un artisanat responsable<\/strong><\/span><\/p>\n<p>Je choisis mes mati\u00e8res avec soin, en privil\u00e9giant les circuits courts et les \u00e9leveurs Fran\u00e7ais.<\/p>\n<p>Mes cr\u00e9ations sont con\u00e7ues pour durer, se transmettre et embellir le quotidien.<\/p>\n\n\t\t<\/div>\n\t<\/div>\n<div style=\"font-size: 18px;color: #1E73BE;line-height: 32px;text-align: left;font-family:ABeeZee;font-weight:400;font-style:normal\" class=\"vc_custom_heading fw-600 vc_custom_1761569372982 use_font_futura\" >L'exp\u00e9rience client<\/div>\n\t<div class=\"wpb_text_column wpb_content_element\" >\n\t\t<div class=\"wpb_wrapper\">\n\t\t\t<p><span style=\"color: #000000;\"><strong>Une attention jusque dans les d\u00e9tails<\/strong><\/span><\/p>\n<p>De l&#8217;emballage aux petites cartes gliss\u00e9es dans chaque colis, tout est pens\u00e9 pour faire sourire et cr\u00e9er un lien entre mes mains et les v\u00f4tres.<\/p>\n\n\t\t<\/div>\n\t<\/div>\n<\/div><\/div><\/div><\/div><div class=\"vc_row wpb_row row\"><div class=\"wpb_column vc_column_container col-sm-12\"><div class=\"vc_column-inner vc_custom_1540354247369\"><div class=\"wpb_wrapper\">\n<div class=\"tm-shortcode learts-space\" id=\"learts-space-10\"><\/div>\n<\/div><\/div><\/div><\/div><div data-vc-full-width=\"true\" data-vc-full-width-init=\"false\" data-vc-stretch-content=\"true\" class=\"vc_row wpb_row row vc_row-no-padding\"><div class=\"wpb_column vc_column_container col-sm-12\"><div class=\"vc_column-inner\"><div class=\"wpb_wrapper\"><div class=\"vc_separator wpb_content_element vc_separator_align_center vc_sep_width_100 vc_sep_pos_align_center vc_separator_no_text vc_sep_color_grey wpb_content_element  wpb_content_element\" ><span class=\"vc_sep_holder vc_sep_holder_l\"><span class=\"vc_sep_line\"><\/span><\/span><span class=\"vc_sep_holder vc_sep_holder_r\"><span class=\"vc_sep_line\"><\/span><\/span>\n<\/div><\/div><\/div><\/div><\/div><div class=\"vc_row-full-width vc_clearfix\"><\/div><div class=\"vc_row wpb_row row column-center\"><div class=\"wpb_column vc_column_container col-sm-12\"><div class=\"vc_column-inner vc_custom_1523867039497\"><div class=\"wpb_wrapper\">\n<div class=\"tm-shortcode learts-space\" id=\"learts-space-11\"><\/div>\n<div style=\"font-size: 34px;color: #333333;line-height: 56px;text-align: center;font-family:Marcellus;font-weight:400;font-style:normal\" class=\"vc_custom_heading\" ><a href=\"http:\/\/www.instagram.com\/mysteretbouledegomme59\" target=\"_blank\">@mysteretbouledegomme59<\/a><\/div>\n\t<div class=\"wpb_text_column wpb_content_element\" >\n\t\t<div class=\"wpb_wrapper\">\n\t\t\t<p class=\"p1\" style=\"text-align: center; font-size: 16px; line-height: 36px; color: #333333;\"><span class=\"s1\">Rejoignez moi sur instagram<\/span><\/p>\n\n\t\t<\/div>\n\t<\/div>\n<div class=\"vc_empty_space\"   style=\"height: 30px\"><span class=\"vc_empty_space_inner\"><\/span><\/div><\/div><\/div><\/div><\/div>\n<\/div>","protected":false},"excerpt":{"rendered":"Live out your life.Le bonheur de cr\u00e9er de ses mains C'est une histoire de douceur, de patience et de magie. Transformer une simple m\u00e8che de laine de mouton en un petit monde po\u00e9tique, c'est ressentir cette fiert\u00e9 silencieuse, celle du coeur qui sourit quand l'imaginaire prend forme. Je m'appelle Agn\u00e8s, je suis d\u00e9signer textile et [...]","protected":false},"author":1,"featured_media":0,"parent":0,"menu_order":0,"comment_status":"closed","ping_status":"closed","template":"","meta":{"om_disable_all_campaigns":false,"_monsterinsights_skip_tracking":false,"_monsterinsights_sitenote_active":false,"_monsterinsights_sitenote_note":"","_monsterinsights_sitenote_category":0,"_uf_show_specific_survey":0,"_uf_disable_surveys":false,"footnotes":""},"class_list":["post-350","page","type-page","status-publish","hentry"],"aioseo_notices":[],"_hostinger_reach_plugin_has_subscription_block":false,"_hostinger_reach_plugin_is_elementor":false,"_links":{"self":[{"href":"https:\/\/mysteretbouledegomme.com\/en\/wp-json\/wp\/v2\/pages\/350","targetHints":{"allow":["GET"]}}],"collection":[{"href":"https:\/\/mysteretbouledegomme.com\/en\/wp-json\/wp\/v2\/pages"}],"about":[{"href":"https:\/\/mysteretbouledegomme.com\/en\/wp-json\/wp\/v2\/types\/page"}],"author":[{"embeddable":true,"href":"https:\/\/mysteretbouledegomme.com\/en\/wp-json\/wp\/v2\/users\/1"}],"replies":[{"embeddable":true,"href":"https:\/\/mysteretbouledegomme.com\/en\/wp-json\/wp\/v2\/comments?post=350"}],"version-history":[{"count":52,"href":"https:\/\/mysteretbouledegomme.com\/en\/wp-json\/wp\/v2\/pages\/350\/revisions"}],"predecessor-version":[{"id":3918,"href":"https:\/\/mysteretbouledegomme.com\/en\/wp-json\/wp\/v2\/pages\/350\/revisions\/3918"}],"wp:attachment":[{"href":"https:\/\/mysteretbouledegomme.com\/en\/wp-json\/wp\/v2\/media?parent=350"}],"curies":[{"name":"wp","href":"https:\/\/api.w.org\/{rel}","templated":true}]}}