{"id":4467,"date":"2025-11-11T12:49:26","date_gmt":"2025-11-11T12:49:26","guid":{"rendered":"https:\/\/mysteretbouledegomme.com\/?page_id=4467"},"modified":"2025-11-11T12:49:28","modified_gmt":"2025-11-11T12:49:28","slug":"mentions-legales","status":"publish","type":"page","link":"https:\/\/mysteretbouledegomme.com\/en\/mentions-legales\/","title":{"rendered":"Mentions l\u00e9gales"},"content":{"rendered":"<p>Conform\u00e9ment aux dispositions des articles 6-III et 19 de la Loi n\u00b02004-575 du 21 juin 2004 pour la Confiance dans l&#8217;\u00c9conomie Num\u00e9rique, dite L.C.E.N., il est port\u00e9 \u00e0 la connaissance des utilisateurs et visiteurs du site <a href=\"https:\/\/mysteretbouledegomme.com\/en\/\">mysteretbouledegomme.com<\/a> les pr\u00e9sentes mentions l\u00e9gales.<\/p>\n\n\n\n<h2 class=\"wp-block-heading\">\u00c9diteur du site<\/h2>\n\n\n\n<p><strong>Myst\u00e8re &amp; Boule de Gomme<\/strong><br>Agn\u00e8s Bontinck<br>Designer textile et cr\u00e9atrice d\u2019objets d\u00e9co en laine card\u00e9e<br>Si\u00e8ge : 5 rue Jean Jaur\u00e8s 59135  \u201cWallers, France\u201d<br>E-mail : mystereretbouledegomme59@gmail.com<br>SIRET : 43177537800034<\/p>\n\n\n\n<p>Num\u00e9ro de TVA intracommunautaire : non<\/p>\n\n\n\n<h2 class=\"wp-block-heading\">H\u00e9bergeur du site<\/h2>\n\n\n\n<p><strong>Hostinger International Ltd.<\/strong><br>61 Lordou Vironos Street, 6023 Larnaca, Chypre<br>Site web : <a href=\"https:\/\/www.hostinger.fr\">https:\/\/www.hostinger.fr<\/a><\/p>\n\n\n\n<h2 class=\"wp-block-heading\">Propri\u00e9t\u00e9 intellectuelle<\/h2>\n\n\n\n<p>L&#8217;ensemble du contenu du site (textes, images, graphismes, logo, vid\u00e9os, etc.) est la propri\u00e9t\u00e9 exclusive de Myst\u00e8re &amp; Boule de Gomme sauf mention contraire.<br>Toute reproduction, repr\u00e9sentation, modification ou diffusion est interdite sans autorisation \u00e9crite pr\u00e9alable.<\/p>\n\n\n\n<h2 class=\"wp-block-heading\">Responsabilit\u00e9<\/h2>\n\n\n\n<p>Myst\u00e8re &amp; Boule de Gomme s\u2019efforce de fournir des informations exactes sur le site, mais ne saurait \u00eatre tenue responsable des erreurs, omissions ou d\u2019une indisponibilit\u00e9 du site.<\/p>\n\n\n\n<h2 class=\"wp-block-heading\">Liens hypertextes<\/h2>\n\n\n\n<p>Le site peut contenir des liens vers d&#8217;autres sites. Myst\u00e8re &amp; Boule de Gomme n\u2019exerce aucun contr\u00f4le sur ces sites et d\u00e9cline toute responsabilit\u00e9 quant \u00e0 leur contenu.<\/p>","protected":false},"excerpt":{"rendered":"<p>Conform\u00e9ment aux dispositions des articles 6-III et 19 de la Loi n\u00b02004-575 du 21 juin 2004 pour la Confiance dans l&#8217;\u00c9conomie Num\u00e9rique, dite L.C.E.N., il est port\u00e9 \u00e0 la connaissance des utilisateurs et visiteurs du site mysteretbouledegomme.com les pr\u00e9sentes mentions l\u00e9gales. \u00c9diteur du site Myst\u00e8re &amp; Boule de GommeAgn\u00e8s BontinckDesigner textile et cr\u00e9atrice d\u2019objets d\u00e9co [&hellip;]<\/p>","protected":false},"author":1,"featured_media":0,"parent":0,"menu_order":0,"comment_status":"closed","ping_status":"closed","template":"","meta":{"om_disable_all_campaigns":false,"_monsterinsights_skip_tracking":false,"_monsterinsights_sitenote_active":false,"_monsterinsights_sitenote_note":"","_monsterinsights_sitenote_category":0,"_uf_show_specific_survey":0,"_uf_disable_surveys":false,"footnotes":""},"class_list":["post-4467","page","type-page","status-publish","hentry"],"aioseo_notices":[],"_hostinger_reach_plugin_has_subscription_block":false,"_hostinger_reach_plugin_is_elementor":false,"_links":{"self":[{"href":"https:\/\/mysteretbouledegomme.com\/en\/wp-json\/wp\/v2\/pages\/4467","targetHints":{"allow":["GET"]}}],"collection":[{"href":"https:\/\/mysteretbouledegomme.com\/en\/wp-json\/wp\/v2\/pages"}],"about":[{"href":"https:\/\/mysteretbouledegomme.com\/en\/wp-json\/wp\/v2\/types\/page"}],"author":[{"embeddable":true,"href":"https:\/\/mysteretbouledegomme.com\/en\/wp-json\/wp\/v2\/users\/1"}],"replies":[{"embeddable":true,"href":"https:\/\/mysteretbouledegomme.com\/en\/wp-json\/wp\/v2\/comments?post=4467"}],"version-history":[{"count":1,"href":"https:\/\/mysteretbouledegomme.com\/en\/wp-json\/wp\/v2\/pages\/4467\/revisions"}],"predecessor-version":[{"id":4469,"href":"https:\/\/mysteretbouledegomme.com\/en\/wp-json\/wp\/v2\/pages\/4467\/revisions\/4469"}],"wp:attachment":[{"href":"https:\/\/mysteretbouledegomme.com\/en\/wp-json\/wp\/v2\/media?parent=4467"}],"curies":[{"name":"wp","href":"https:\/\/api.w.org\/{rel}","templated":true}]}}