{"id":4470,"date":"2025-11-11T12:57:01","date_gmt":"2025-11-11T12:57:01","guid":{"rendered":"https:\/\/mysteretbouledegomme.com\/?page_id=4470"},"modified":"2025-11-11T12:57:04","modified_gmt":"2025-11-11T12:57:04","slug":"protection-des-donnees","status":"publish","type":"page","link":"https:\/\/mysteretbouledegomme.com\/en\/protection-des-donnees\/","title":{"rendered":"Protection des donn\u00e9es"},"content":{"rendered":"<h2 class=\"wp-block-heading\">Responsable du traitement<\/h2>\n\n\n\n<p>Les donn\u00e9es collect\u00e9es sur le site <a href=\"https:\/\/mysteretbouledegomme.com\/en\/\">mysteretbouledegomme.com<\/a> sont trait\u00e9es par <strong>Agn\u00e8s Bontinck \u2013 Myst\u00e8re &amp; Boule de Gomme<\/strong>, responsable du traitement des donn\u00e9es personnelles.<\/p>\n\n\n\n<h2 class=\"wp-block-heading\">Nature des donn\u00e9es collect\u00e9es<\/h2>\n\n\n\n<p>Les donn\u00e9es susceptibles d\u2019\u00eatre collect\u00e9es sont :<\/p>\n\n\n\n<ul class=\"wp-block-list\">\n<li>pr\u00e9nom, nom, adresse e-mail, adresse postale (via formulaires ou commandes)<\/li>\n\n\n\n<li>donn\u00e9es de navigation sur le site (cookies, statistiques anonymes)<\/li>\n<\/ul>\n\n\n\n<h2 class=\"wp-block-heading\">Finalit\u00e9 du traitement<\/h2>\n\n\n\n<p>Les donn\u00e9es sont collect\u00e9es afin de :<\/p>\n\n\n\n<ul class=\"wp-block-list\">\n<li>r\u00e9pondre aux demandes de contact<\/li>\n\n\n\n<li>assurer le bon d\u00e9roulement des commandes et livraisons<\/li>\n\n\n\n<li>envoyer, le cas \u00e9ch\u00e9ant, des informations sur les nouveaut\u00e9s (si inscription \u00e0 la newsletter)<\/li>\n<\/ul>\n\n\n\n<h2 class=\"wp-block-heading\">Conservation des donn\u00e9es<\/h2>\n\n\n\n<p>Les donn\u00e9es sont conserv\u00e9es pendant une dur\u00e9e maximale de 3 ans \u00e0 compter du dernier contact avec l\u2019utilisateur ou de la derni\u00e8re commande.<\/p>\n\n\n\n<h2 class=\"wp-block-heading\">Droits de l\u2019utilisateur<\/h2>\n\n\n\n<p>Conform\u00e9ment au R\u00e8glement G\u00e9n\u00e9ral sur la Protection des Donn\u00e9es (RGPD), vous disposez des droits suivants :<\/p>\n\n\n\n<ul class=\"wp-block-list\">\n<li>droit d\u2019acc\u00e8s, de rectification, de suppression<\/li>\n\n\n\n<li>droit d\u2019opposition et de portabilit\u00e9 de vos donn\u00e9es<br>Pour toute demande, \u00e9crivez \u00e0 : [ton email de contact]<\/li>\n<\/ul>\n\n\n\n<h2 class=\"wp-block-heading\">Cookies<\/h2>\n\n\n\n<p>Le site utilise des cookies pour am\u00e9liorer l\u2019exp\u00e9rience utilisateur et r\u00e9aliser des statistiques de visite. Vous pouvez param\u00e9trer votre navigateur pour refuser les cookies.<\/p>\n\n\n\n<h2 class=\"wp-block-heading\">S\u00e9curit\u00e9<\/h2>\n\n\n\n<p>Myst\u00e8re &amp; Boule de Gomme met en \u0153uvre des mesures techniques et organisationnelles pour assurer la s\u00e9curit\u00e9 et la confidentialit\u00e9 des donn\u00e9es personnelles.<\/p>","protected":false},"excerpt":{"rendered":"<p>Responsable du traitement Les donn\u00e9es collect\u00e9es sur le site mysteretbouledegomme.com sont trait\u00e9es par Agn\u00e8s Bontinck \u2013 Myst\u00e8re &amp; Boule de Gomme, responsable du traitement des donn\u00e9es personnelles. Nature des donn\u00e9es collect\u00e9es Les donn\u00e9es susceptibles d\u2019\u00eatre collect\u00e9es sont : Finalit\u00e9 du traitement Les donn\u00e9es sont collect\u00e9es afin de : Conservation des donn\u00e9es Les donn\u00e9es sont conserv\u00e9es [&hellip;]<\/p>","protected":false},"author":1,"featured_media":0,"parent":0,"menu_order":0,"comment_status":"closed","ping_status":"closed","template":"","meta":{"om_disable_all_campaigns":false,"_monsterinsights_skip_tracking":false,"_monsterinsights_sitenote_active":false,"_monsterinsights_sitenote_note":"","_monsterinsights_sitenote_category":0,"_uf_show_specific_survey":0,"_uf_disable_surveys":false,"footnotes":""},"class_list":["post-4470","page","type-page","status-publish","hentry"],"aioseo_notices":[],"_hostinger_reach_plugin_has_subscription_block":false,"_hostinger_reach_plugin_is_elementor":false,"_links":{"self":[{"href":"https:\/\/mysteretbouledegomme.com\/en\/wp-json\/wp\/v2\/pages\/4470","targetHints":{"allow":["GET"]}}],"collection":[{"href":"https:\/\/mysteretbouledegomme.com\/en\/wp-json\/wp\/v2\/pages"}],"about":[{"href":"https:\/\/mysteretbouledegomme.com\/en\/wp-json\/wp\/v2\/types\/page"}],"author":[{"embeddable":true,"href":"https:\/\/mysteretbouledegomme.com\/en\/wp-json\/wp\/v2\/users\/1"}],"replies":[{"embeddable":true,"href":"https:\/\/mysteretbouledegomme.com\/en\/wp-json\/wp\/v2\/comments?post=4470"}],"version-history":[{"count":1,"href":"https:\/\/mysteretbouledegomme.com\/en\/wp-json\/wp\/v2\/pages\/4470\/revisions"}],"predecessor-version":[{"id":4472,"href":"https:\/\/mysteretbouledegomme.com\/en\/wp-json\/wp\/v2\/pages\/4470\/revisions\/4472"}],"wp:attachment":[{"href":"https:\/\/mysteretbouledegomme.com\/en\/wp-json\/wp\/v2\/media?parent=4470"}],"curies":[{"name":"wp","href":"https:\/\/api.w.org\/{rel}","templated":true}]}}