{"id":1456,"date":"2012-11-16T04:40:11","date_gmt":"2012-11-16T04:40:11","guid":{"rendered":"https:\/\/learts.thememove.com\/?post_type=product&#038;p=1456"},"modified":"2025-11-15T12:38:55","modified_gmt":"2025-11-15T12:38:55","slug":"tete-chien-gigi-la-boheme","status":"publish","type":"product","link":"https:\/\/mysteretbouledegomme.com\/en\/product\/tete-chien-gigi-la-boheme\/","title":{"rendered":"Gigi la boh\u00e9me"},"content":{"rendered":"<h3 data-start=\"144\" data-end=\"197\">\ud83d\udc36 <strong data-start=\"151\" data-end=\"197\">Gigi la Boh\u00e8me \u2013 Sculpture en laine card\u00e9e &#8211; Cr\u00e9ation unique<\/strong><\/h3>\n<p data-start=\"199\" data-end=\"484\">Sous son b\u00e9ret rose crochet\u00e9 et sa petite fleur, <strong data-start=\"248\" data-end=\"266\">Gigi la Boh\u00e8me<\/strong> regarde le monde avec tendresse et curiosit\u00e9.<br data-start=\"312\" data-end=\"315\" \/>Enti\u00e8rement r\u00e9alis\u00e9e \u00e0 la main dans mon atelier du Nord, cette sculpture po\u00e9tique m\u00eale <strong data-start=\"402\" data-end=\"435\">laine card\u00e9e, crochet et bois<\/strong> pour donner vie \u00e0 un compagnon doux et unique.<\/p>\n<p data-start=\"486\" data-end=\"751\">Chaque d\u00e9tail \u2014 du regard au museau \u2014 est patiemment fa\u00e7onn\u00e9 \u00e0 l\u2019aiguille, jusqu\u2019\u00e0 ce que la laine prenne forme et caract\u00e8re.<br data-start=\"611\" data-end=\"614\" \/>Son b\u00e9ret r\u00e9alis\u00e9 \u00e0 la main ajoute la petite touche r\u00e9tro et espi\u00e8gle qui fait tout son charme.<\/p>\n<p data-start=\"753\" data-end=\"978\">\ud83c\udf3f <strong data-start=\"756\" data-end=\"772\">Pi\u00e8ce unique<\/strong>, n\u00e9e de la magie du feutrage \u00e0 l\u2019aiguille, elle apportera une touche de po\u00e9sie \u00e0 votre int\u00e9rieur.<br data-start=\"870\" data-end=\"873\" \/>\u00c0 poser sur une \u00e9tag\u00e8re, un bureau ou une console, elle fera sourire tous ceux qui croisent son regard.<\/p>\n<hr data-start=\"980\" data-end=\"983\" \/>\n<p data-start=\"985\" data-end=\"1002\"><strong data-start=\"985\" data-end=\"1000\">\u2728 D\u00e9tails :<\/strong><\/p>\n<ul data-start=\"1003\" data-end=\"1308\">\n<li data-start=\"1003\" data-end=\"1050\">\n<p data-start=\"1005\" data-end=\"1050\">Sculpture en laine card\u00e9e sur socle en bois<\/p>\n<\/li>\n<li data-start=\"1051\" data-end=\"1093\">\n<p data-start=\"1053\" data-end=\"1093\">B\u00e9ret crochet\u00e9 main<\/p>\n<\/li>\n<li data-start=\"1147\" data-end=\"1195\">\n<p data-start=\"1149\" data-end=\"1195\">Dimension approximatives : 25 cm de hauteur<\/p>\n<\/li>\n<\/ul>","protected":false},"excerpt":{"rendered":"<p>T\u00eate de chien sculpt\u00e9e en laine card\u00e9e.<\/p>","protected":false},"featured_media":4157,"comment_status":"open","ping_status":"closed","template":"","meta":{"om_disable_all_campaigns":false,"_monsterinsights_skip_tracking":false,"_monsterinsights_sitenote_active":false,"_monsterinsights_sitenote_note":"","_monsterinsights_sitenote_category":0,"_uf_show_specific_survey":0,"_uf_disable_surveys":false},"product_brand":[],"product_cat":[87],"product_tag":[55],"class_list":{"0":"post-1456","1":"product","2":"type-product","3":"status-publish","4":"has-post-thumbnail","6":"product_cat-divers","7":"product_tag-product","9":"first","10":"instock","11":"shipping-taxable","12":"purchasable","13":"product-type-simple"},"aioseo_notices":[],"_links":{"self":[{"href":"https:\/\/mysteretbouledegomme.com\/en\/wp-json\/wp\/v2\/product\/1456","targetHints":{"allow":["GET"]}}],"collection":[{"href":"https:\/\/mysteretbouledegomme.com\/en\/wp-json\/wp\/v2\/product"}],"about":[{"href":"https:\/\/mysteretbouledegomme.com\/en\/wp-json\/wp\/v2\/types\/product"}],"replies":[{"embeddable":true,"href":"https:\/\/mysteretbouledegomme.com\/en\/wp-json\/wp\/v2\/comments?post=1456"}],"wp:featuredmedia":[{"embeddable":true,"href":"https:\/\/mysteretbouledegomme.com\/en\/wp-json\/wp\/v2\/media\/4157"}],"wp:attachment":[{"href":"https:\/\/mysteretbouledegomme.com\/en\/wp-json\/wp\/v2\/media?parent=1456"}],"wp:term":[{"taxonomy":"product_brand","embeddable":true,"href":"https:\/\/mysteretbouledegomme.com\/en\/wp-json\/wp\/v2\/product_brand?post=1456"},{"taxonomy":"product_cat","embeddable":true,"href":"https:\/\/mysteretbouledegomme.com\/en\/wp-json\/wp\/v2\/product_cat?post=1456"},{"taxonomy":"product_tag","embeddable":true,"href":"https:\/\/mysteretbouledegomme.com\/en\/wp-json\/wp\/v2\/product_tag?post=1456"}],"curies":[{"name":"wp","href":"https:\/\/api.w.org\/{rel}","templated":true}]}}