{"id":1732,"date":"2017-11-26T02:04:50","date_gmt":"2017-11-26T02:04:50","guid":{"rendered":"https:\/\/learts.thememove.com\/product\/import-placeholder-for-104\/"},"modified":"2025-12-22T09:32:12","modified_gmt":"2025-12-22T09:32:12","slug":"atelier-feutrage-groupe","status":"publish","type":"product","link":"https:\/\/mysteretbouledegomme.com\/en\/product\/atelier-feutrage-groupe\/","title":{"rendered":"Atelier feutrage &#8220;groupe&#8221;"},"content":{"rendered":"<h3 data-start=\"129\" data-end=\"168\">Atelier de feutrage en groupe \ud83d\udc11\u2728<\/h3>\n<p data-start=\"169\" data-end=\"455\">Partagez un moment cr\u00e9atif et plein de bonne humeur \u00e0 plusieurs avec mon <strong data-start=\"242\" data-end=\"275\">atelier de feutrage en groupe<\/strong> !<br data-start=\"277\" data-end=\"280\" \/>Pendant <strong data-start=\"288\" data-end=\"296\">2h30<\/strong>, vous apprendrez \u00e0 <strong data-start=\"316\" data-end=\"382\">transformer la laine card\u00e9e en une adorable cr\u00e9ation en volume<\/strong>, tout en \u00e9changeant, en riant et en laissant parler votre imagination.<\/p>\n<p data-start=\"457\" data-end=\"635\">Id\u00e9al pour un <strong data-start=\"471\" data-end=\"523\">moment entre amis, en famille ou entre coll\u00e8gues<\/strong>, cet atelier est une belle parenth\u00e8se o\u00f9 chacun avance \u00e0 son rythme dans une ambiance douce et bienveillante.<\/p>\n<p data-start=\"637\" data-end=\"732\">\ud83d\udc65 <strong data-start=\"640\" data-end=\"662\">De 3 \u00e0 5 personnes<\/strong><br data-start=\"662\" data-end=\"665\" \/>\ud83c\udfa8 <strong data-start=\"668\" data-end=\"699\">Tout le mat\u00e9riel est fourni<\/strong><br data-start=\"699\" data-end=\"702\" \/>\ud83c\udf3f <strong data-start=\"705\" data-end=\"730\">Accessible d\u00e8s 1o ans<\/strong><\/p>\n<p data-start=\"734\" data-end=\"838\">Venez partager un instant de cr\u00e9ativit\u00e9 et de d\u00e9tente, entour\u00e9s de laine, de couleurs et de sourires !<\/p>","protected":false},"excerpt":{"rendered":"<p>Atelier feutrage en groupe \u00e0 partir de 3 personnes. 5 maximum<\/p>\n<p>A partir de 10 ans<\/p>","protected":false},"featured_media":4065,"comment_status":"open","ping_status":"closed","template":"","meta":{"om_disable_all_campaigns":false,"_monsterinsights_skip_tracking":false,"_monsterinsights_sitenote_active":false,"_monsterinsights_sitenote_note":"","_monsterinsights_sitenote_category":0,"_uf_show_specific_survey":0,"_uf_disable_surveys":false},"product_brand":[],"product_cat":[42],"product_tag":[],"class_list":{"0":"post-1732","1":"product","2":"type-product","3":"status-publish","4":"has-post-thumbnail","6":"product_cat-les-ateliers-feutrage","8":"first","9":"instock","10":"shipping-taxable","11":"purchasable","12":"product-type-variable"},"aioseo_notices":[],"_links":{"self":[{"href":"https:\/\/mysteretbouledegomme.com\/en\/wp-json\/wp\/v2\/product\/1732","targetHints":{"allow":["GET"]}}],"collection":[{"href":"https:\/\/mysteretbouledegomme.com\/en\/wp-json\/wp\/v2\/product"}],"about":[{"href":"https:\/\/mysteretbouledegomme.com\/en\/wp-json\/wp\/v2\/types\/product"}],"replies":[{"embeddable":true,"href":"https:\/\/mysteretbouledegomme.com\/en\/wp-json\/wp\/v2\/comments?post=1732"}],"wp:featuredmedia":[{"embeddable":true,"href":"https:\/\/mysteretbouledegomme.com\/en\/wp-json\/wp\/v2\/media\/4065"}],"wp:attachment":[{"href":"https:\/\/mysteretbouledegomme.com\/en\/wp-json\/wp\/v2\/media?parent=1732"}],"wp:term":[{"taxonomy":"product_brand","embeddable":true,"href":"https:\/\/mysteretbouledegomme.com\/en\/wp-json\/wp\/v2\/product_brand?post=1732"},{"taxonomy":"product_cat","embeddable":true,"href":"https:\/\/mysteretbouledegomme.com\/en\/wp-json\/wp\/v2\/product_cat?post=1732"},{"taxonomy":"product_tag","embeddable":true,"href":"https:\/\/mysteretbouledegomme.com\/en\/wp-json\/wp\/v2\/product_tag?post=1732"}],"curies":[{"name":"wp","href":"https:\/\/api.w.org\/{rel}","templated":true}]}}