{"id":1735,"date":"2017-11-26T02:04:50","date_gmt":"2017-11-26T02:04:50","guid":{"rendered":"https:\/\/learts.thememove.com\/product\/import-placeholder-for-107\/"},"modified":"2025-11-03T19:06:01","modified_gmt":"2025-11-03T19:06:01","slug":"atelier-feutrage-duo","status":"publish","type":"product","link":"https:\/\/mysteretbouledegomme.com\/en\/product\/atelier-feutrage-duo\/","title":{"rendered":"Atelier feutrage en duo"},"content":{"rendered":"<h3 data-start=\"764\" data-end=\"807\">\ud83d\udc2d Atelier duo \u2013 Cr\u00e9ez \u00e0 quatre mains<\/h3>\n<p data-start=\"808\" data-end=\"1021\">Partagez un moment cr\u00e9atif \u00e0 deux avec <strong data-start=\"847\" data-end=\"889\">l\u2019atelier duo de feutrage \u00e0 l\u2019aiguille<\/strong> !<br data-start=\"891\" data-end=\"894\" \/>Pendant <strong data-start=\"902\" data-end=\"910\">2h30<\/strong>, vous d\u00e9couvrirez ensemble comment <strong data-start=\"946\" data-end=\"1018\">transformer la laine card\u00e9e en un objet 3D unique et plein de charme<\/strong>.<\/p>\n<p data-start=\"1023\" data-end=\"1184\">Une activit\u00e9 ludique et complice, id\u00e9ale pour un <strong data-start=\"1072\" data-end=\"1118\">moment entre amis, en couple ou en famille<\/strong>. Vous repartez chacun avec votre cr\u00e9ation et un grand sourire !<\/p>\n<p data-start=\"1186\" data-end=\"1269\">\ud83d\udc69\u200d\ud83c\udfa8 <strong data-start=\"1192\" data-end=\"1210\">2 participants<\/strong><br data-start=\"1210\" data-end=\"1213\" \/>\ud83c\udfa8 <strong data-start=\"1216\" data-end=\"1247\">Tout le mat\u00e9riel est inclus<\/strong><br data-start=\"1247\" data-end=\"1250\" \/>\ud83c\udf3f <strong data-start=\"1253\" data-end=\"1267\">D\u00e8s 1o ans<\/strong><\/p>\n<p data-start=\"1271\" data-end=\"1351\">Venez cr\u00e9er main dans la main et partager un souvenir cr\u00e9atif tout en douceur.<\/p>","protected":false},"excerpt":{"rendered":"<p>\ud83d\udc2d Atelier duo \u2013 Cr\u00e9ez \u00e0 quatre mains Partagez un moment cr\u00e9atif \u00e0 deux avec l\u2019atelier duo de feutrage \u00e0 l\u2019aiguille !Pendant 2h30, vous d\u00e9couvrirez ensemble comment transformer la laine card\u00e9e en un objet 3D unique et plein de charme. Une activit\u00e9 ludique et complice, id\u00e9ale pour un moment entre amis, en couple ou en [&hellip;]<\/p>","protected":false},"featured_media":4051,"comment_status":"open","ping_status":"closed","template":"","meta":{"om_disable_all_campaigns":false,"_monsterinsights_skip_tracking":false,"_monsterinsights_sitenote_active":false,"_monsterinsights_sitenote_note":"","_monsterinsights_sitenote_category":0,"_uf_show_specific_survey":0,"_uf_disable_surveys":false},"product_brand":[],"product_cat":[42],"product_tag":[],"class_list":{"0":"post-1735","1":"product","2":"type-product","3":"status-publish","4":"has-post-thumbnail","6":"product_cat-les-ateliers-feutrage","8":"first","9":"instock","10":"virtual","11":"purchasable","12":"product-type-simple"},"aioseo_notices":[],"_links":{"self":[{"href":"https:\/\/mysteretbouledegomme.com\/en\/wp-json\/wp\/v2\/product\/1735","targetHints":{"allow":["GET"]}}],"collection":[{"href":"https:\/\/mysteretbouledegomme.com\/en\/wp-json\/wp\/v2\/product"}],"about":[{"href":"https:\/\/mysteretbouledegomme.com\/en\/wp-json\/wp\/v2\/types\/product"}],"replies":[{"embeddable":true,"href":"https:\/\/mysteretbouledegomme.com\/en\/wp-json\/wp\/v2\/comments?post=1735"}],"wp:featuredmedia":[{"embeddable":true,"href":"https:\/\/mysteretbouledegomme.com\/en\/wp-json\/wp\/v2\/media\/4051"}],"wp:attachment":[{"href":"https:\/\/mysteretbouledegomme.com\/en\/wp-json\/wp\/v2\/media?parent=1735"}],"wp:term":[{"taxonomy":"product_brand","embeddable":true,"href":"https:\/\/mysteretbouledegomme.com\/en\/wp-json\/wp\/v2\/product_brand?post=1735"},{"taxonomy":"product_cat","embeddable":true,"href":"https:\/\/mysteretbouledegomme.com\/en\/wp-json\/wp\/v2\/product_cat?post=1735"},{"taxonomy":"product_tag","embeddable":true,"href":"https:\/\/mysteretbouledegomme.com\/en\/wp-json\/wp\/v2\/product_tag?post=1735"}],"curies":[{"name":"wp","href":"https:\/\/api.w.org\/{rel}","templated":true}]}}