{"id":1738,"date":"2019-04-01T02:04:51","date_gmt":"2019-04-01T02:04:51","guid":{"rendered":"https:\/\/learts.thememove.com\/product\/import-placeholder-for-110\/"},"modified":"2025-11-18T14:12:07","modified_gmt":"2025-11-18T14:12:07","slug":"carte-anniversaire-loup-mouton","status":"publish","type":"product","link":"https:\/\/mysteretbouledegomme.com\/en\/product\/carte-anniversaire-loup-mouton\/","title":{"rendered":"Carte anniversaire,le loup et le mouton"},"content":{"rendered":"<h3 data-start=\"130\" data-end=\"191\">\ud83c\udf3f <strong data-start=\"137\" data-end=\"189\">Cartes uniques, Happy Birthday<\/strong><\/h3>\n<p data-start=\"193\" data-end=\"483\">Chaque carte est une petite \u0153uvre d\u2019art \u00e0 part enti\u00e8re.<br data-start=\"248\" data-end=\"251\" \/>J\u2019ai imagin\u00e9 le design, puis ajout\u00e9 <strong data-start=\"287\" data-end=\"317\">une touche de laine card\u00e9e<\/strong>, ( laine de mouton 100% naturelle ) comme un clin d\u2019\u0153il \u00e0 mon univers tout doux et feutr\u00e9.<br data-start=\"373\" data-end=\"376\" \/>\u00a0La laine apporte <strong data-start=\"436\" data-end=\"480\">du relief, de la texture et de la po\u00e9sie<\/strong>.<\/p>\n<p data-start=\"485\" data-end=\"592\">\ud83d\udc8c \u00c0 offrir, \u00e0 encadrer, ou \u00e0 garder pr\u00e9cieusement\u2026<br data-start=\"536\" data-end=\"539\" \/>Ces cartes font autant plaisir aux yeux qu\u2019au c\u0153ur.<\/p>\n<p data-start=\"594\" data-end=\"711\">la carte fait 15 x 15 cm et est vendue avec une enveloppe<\/p>","protected":false},"excerpt":{"rendered":"<p>Carte anniversaire, le loup et le mouton<\/p>","protected":false},"featured_media":4154,"comment_status":"open","ping_status":"closed","template":"","meta":{"om_disable_all_campaigns":false,"_monsterinsights_skip_tracking":false,"_monsterinsights_sitenote_active":false,"_monsterinsights_sitenote_note":"","_monsterinsights_sitenote_category":0,"_uf_show_specific_survey":0,"_uf_disable_surveys":false},"product_brand":[],"product_cat":[86],"product_tag":[],"class_list":{"0":"post-1738","1":"product","2":"type-product","3":"status-publish","4":"has-post-thumbnail","6":"product_cat-cartes-occasion-speciale","8":"first","9":"instock","10":"featured","11":"shipping-taxable","12":"purchasable","13":"product-type-simple"},"aioseo_notices":[],"_links":{"self":[{"href":"https:\/\/mysteretbouledegomme.com\/en\/wp-json\/wp\/v2\/product\/1738","targetHints":{"allow":["GET"]}}],"collection":[{"href":"https:\/\/mysteretbouledegomme.com\/en\/wp-json\/wp\/v2\/product"}],"about":[{"href":"https:\/\/mysteretbouledegomme.com\/en\/wp-json\/wp\/v2\/types\/product"}],"replies":[{"embeddable":true,"href":"https:\/\/mysteretbouledegomme.com\/en\/wp-json\/wp\/v2\/comments?post=1738"}],"wp:featuredmedia":[{"embeddable":true,"href":"https:\/\/mysteretbouledegomme.com\/en\/wp-json\/wp\/v2\/media\/4154"}],"wp:attachment":[{"href":"https:\/\/mysteretbouledegomme.com\/en\/wp-json\/wp\/v2\/media?parent=1738"}],"wp:term":[{"taxonomy":"product_brand","embeddable":true,"href":"https:\/\/mysteretbouledegomme.com\/en\/wp-json\/wp\/v2\/product_brand?post=1738"},{"taxonomy":"product_cat","embeddable":true,"href":"https:\/\/mysteretbouledegomme.com\/en\/wp-json\/wp\/v2\/product_cat?post=1738"},{"taxonomy":"product_tag","embeddable":true,"href":"https:\/\/mysteretbouledegomme.com\/en\/wp-json\/wp\/v2\/product_tag?post=1738"}],"curies":[{"name":"wp","href":"https:\/\/api.w.org\/{rel}","templated":true}]}}