{"id":1756,"date":"2019-04-01T02:04:52","date_gmt":"2019-04-01T02:04:52","guid":{"rendered":"https:\/\/learts.thememove.com\/product\/import-placeholder-for-128\/"},"modified":"2025-11-15T12:36:06","modified_gmt":"2025-11-15T12:36:06","slug":"atelierfeutragesolo","status":"publish","type":"product","link":"https:\/\/mysteretbouledegomme.com\/en\/product\/atelierfeutragesolo\/","title":{"rendered":"Atelier feutrage en solo"},"content":{"rendered":"<h3 data-start=\"153\" data-end=\"201\">\ud83c\udf38 Atelier solo \u2013 Un moment rien qu\u2019\u00e0 vous<\/h3>\n<p data-start=\"202\" data-end=\"430\">Offrez-vous une parenth\u00e8se de douceur et de cr\u00e9ativit\u00e9 avec <strong data-start=\"262\" data-end=\"296\">un atelier de feutrage en solo<\/strong>.<br data-start=\"297\" data-end=\"300\" \/>Pendant <strong data-start=\"308\" data-end=\"316\">2h30<\/strong>, je vous accompagne pas \u00e0 pas pour donner vie \u00e0 une cr\u00e9ation en laine card\u00e9e, selon votre niveau et vos envies.<\/p>\n<p data-start=\"432\" data-end=\"585\">Cet instant privil\u00e9gi\u00e9 vous permet d\u2019apprendre \u00e0 votre rythme, dans le calme de l\u2019atelier, entour\u00e9(e) de belles mati\u00e8res et d\u2019une atmosph\u00e8re apaisante.<\/p>\n<p data-start=\"587\" data-end=\"657\">\ud83c\udfa8 <strong data-start=\"590\" data-end=\"621\">Tout le mat\u00e9riel est fourni<\/strong><br data-start=\"621\" data-end=\"624\" \/>\ud83c\udf3f <strong data-start=\"627\" data-end=\"655\">Ouvert \u00e0 tous d\u00e8s 1o ans<\/strong><\/p>\n<p data-start=\"659\" data-end=\"757\">Un moment pour vous ressourcer, cr\u00e9er, et repartir avec votre propre sculpture pleine de po\u00e9sie.<\/p>","protected":false},"excerpt":{"rendered":"<p>Venez d\u00e9couvrir la magie du feutrage \u00e0 l&#8217;aiguille lors de mon atelier solo.<\/p>\n<p>&nbsp;<\/p>","protected":false},"featured_media":4048,"comment_status":"open","ping_status":"closed","template":"","meta":{"om_disable_all_campaigns":false,"_monsterinsights_skip_tracking":false,"_monsterinsights_sitenote_active":false,"_monsterinsights_sitenote_note":"","_monsterinsights_sitenote_category":0,"_uf_show_specific_survey":0,"_uf_disable_surveys":false},"product_brand":[],"product_cat":[42],"product_tag":[],"class_list":{"0":"post-1756","1":"product","2":"type-product","3":"status-publish","4":"has-post-thumbnail","6":"product_cat-les-ateliers-feutrage","8":"first","9":"instock","10":"virtual","11":"purchasable","12":"product-type-simple"},"aioseo_notices":[],"_links":{"self":[{"href":"https:\/\/mysteretbouledegomme.com\/en\/wp-json\/wp\/v2\/product\/1756","targetHints":{"allow":["GET"]}}],"collection":[{"href":"https:\/\/mysteretbouledegomme.com\/en\/wp-json\/wp\/v2\/product"}],"about":[{"href":"https:\/\/mysteretbouledegomme.com\/en\/wp-json\/wp\/v2\/types\/product"}],"replies":[{"embeddable":true,"href":"https:\/\/mysteretbouledegomme.com\/en\/wp-json\/wp\/v2\/comments?post=1756"}],"wp:featuredmedia":[{"embeddable":true,"href":"https:\/\/mysteretbouledegomme.com\/en\/wp-json\/wp\/v2\/media\/4048"}],"wp:attachment":[{"href":"https:\/\/mysteretbouledegomme.com\/en\/wp-json\/wp\/v2\/media?parent=1756"}],"wp:term":[{"taxonomy":"product_brand","embeddable":true,"href":"https:\/\/mysteretbouledegomme.com\/en\/wp-json\/wp\/v2\/product_brand?post=1756"},{"taxonomy":"product_cat","embeddable":true,"href":"https:\/\/mysteretbouledegomme.com\/en\/wp-json\/wp\/v2\/product_cat?post=1756"},{"taxonomy":"product_tag","embeddable":true,"href":"https:\/\/mysteretbouledegomme.com\/en\/wp-json\/wp\/v2\/product_tag?post=1756"}],"curies":[{"name":"wp","href":"https:\/\/api.w.org\/{rel}","templated":true}]}}