{"id":2177,"date":"2019-04-01T03:22:50","date_gmt":"2019-04-01T03:22:50","guid":{"rendered":"https:\/\/learts.thememove.com\/product\/cape-cottage-playhouse-copy\/"},"modified":"2025-11-18T14:11:24","modified_gmt":"2025-11-18T14:11:24","slug":"miss-flopsy-en-balade-sous-globe","status":"publish","type":"product","link":"https:\/\/mysteretbouledegomme.com\/en\/product\/miss-flopsy-en-balade-sous-globe\/","title":{"rendered":"Miss Flopsy en balade sous globe"},"content":{"rendered":"<h3 data-start=\"148\" data-end=\"186\">\ud83c\udf3f Globe &#8220;Miss Flopsy en balade&#8221;<\/h3>\n<p data-start=\"188\" data-end=\"534\">Sous sa jolie cloche en verre, <strong data-start=\"219\" data-end=\"234\">Miss Flopsy<\/strong> semble tout droit sortie d\u2019un conte bucolique.<br data-start=\"281\" data-end=\"284\" \/>Avec son petit nez rose, son regard plein de douceur et son gilet ray\u00e9, elle respire la tendresse et la r\u00eaverie. \u00c0 ses pieds, trois petites amanites rouges ponctuent la sc\u00e8ne d\u2019une touche de magie, comme si la for\u00eat l\u2019avait suivie jusque chez vous.<\/p>\n<p data-start=\"536\" data-end=\"798\">Enti\u00e8rement r\u00e9alis\u00e9e \u00e0 la main dans mon atelier \u00e0 Wallers, cette sculpture est <strong data-start=\"615\" data-end=\"642\">model\u00e9e en laine card\u00e9e<\/strong> gr\u00e2ce \u00e0 la technique du feutrage \u00e0 l\u2019aiguille. Chaque d\u00e9tail, du pelage soyeux \u00e0 la tenue cousue sur mesure, t\u00e9moigne d\u2019un savoir-faire artisanal unique.<\/p>\n<p data-start=\"800\" data-end=\"1089\">\ud83d\udcab <strong data-start=\"803\" data-end=\"819\">Pi\u00e8ce unique<\/strong>\u00a0<br data-start=\"874\" data-end=\"877\" \/>\ud83c\udf38 <strong data-start=\"880\" data-end=\"893\">Mat\u00e9riaux<\/strong> : laine de mouton 100 % naturelle, verre, bois et mousse v\u00e9g\u00e9tale.<br data-start=\"960\" data-end=\"963\" \/>\ud83d\udccf <strong data-start=\"966\" data-end=\"980\">Dimensions<\/strong> : hauteur environ 27 cm , diam\u00e8tre 16,5 cm<br data-start=\"1019\" data-end=\"1022\" \/>\ud83c\udf3c <strong data-start=\"1025\" data-end=\"1034\" data-is-only-node=\"\">Usage<\/strong> : objet de d\u00e9coration \u2013 ne convient pas aux enfants.<\/p>\n<p data-start=\"1091\" data-end=\"1228\">Miss Flopsy apportera une note po\u00e9tique et un brin de f\u00e9\u00e9rie \u00e0 votre int\u00e9rieur \u2014 un petit monde enchant\u00e9, \u00e0 contempler sans mod\u00e9ration.<\/p>","protected":false},"excerpt":{"rendered":"<p>\ud83c\udf3f Globe &#8220;Miss Flopsy en balade&#8221; Sous sa jolie cloche en verre, Miss Flopsy semble tout droit sortie d\u2019un conte bucolique.Avec son petit nez rose, son regard plein de douceur et son gilet ray\u00e9, elle respire la tendresse et la r\u00eaverie. \u00c0 ses pieds, trois petites amanites rouges ponctuent la sc\u00e8ne d\u2019une touche de magie, [&hellip;]<\/p>","protected":false},"featured_media":4423,"comment_status":"open","ping_status":"closed","template":"","meta":{"om_disable_all_campaigns":false,"_monsterinsights_skip_tracking":false,"_monsterinsights_sitenote_active":false,"_monsterinsights_sitenote_note":"","_monsterinsights_sitenote_category":0,"_uf_show_specific_survey":0,"_uf_disable_surveys":false},"product_brand":[],"product_cat":[37],"product_tag":[],"class_list":{"0":"post-2177","1":"product","2":"type-product","3":"status-publish","4":"has-post-thumbnail","6":"product_cat-les-globes-enchantes","8":"first","9":"instock","10":"shipping-taxable","11":"purchasable","12":"product-type-simple"},"aioseo_notices":[],"_links":{"self":[{"href":"https:\/\/mysteretbouledegomme.com\/en\/wp-json\/wp\/v2\/product\/2177","targetHints":{"allow":["GET"]}}],"collection":[{"href":"https:\/\/mysteretbouledegomme.com\/en\/wp-json\/wp\/v2\/product"}],"about":[{"href":"https:\/\/mysteretbouledegomme.com\/en\/wp-json\/wp\/v2\/types\/product"}],"replies":[{"embeddable":true,"href":"https:\/\/mysteretbouledegomme.com\/en\/wp-json\/wp\/v2\/comments?post=2177"}],"wp:featuredmedia":[{"embeddable":true,"href":"https:\/\/mysteretbouledegomme.com\/en\/wp-json\/wp\/v2\/media\/4423"}],"wp:attachment":[{"href":"https:\/\/mysteretbouledegomme.com\/en\/wp-json\/wp\/v2\/media?parent=2177"}],"wp:term":[{"taxonomy":"product_brand","embeddable":true,"href":"https:\/\/mysteretbouledegomme.com\/en\/wp-json\/wp\/v2\/product_brand?post=2177"},{"taxonomy":"product_cat","embeddable":true,"href":"https:\/\/mysteretbouledegomme.com\/en\/wp-json\/wp\/v2\/product_cat?post=2177"},{"taxonomy":"product_tag","embeddable":true,"href":"https:\/\/mysteretbouledegomme.com\/en\/wp-json\/wp\/v2\/product_tag?post=2177"}],"curies":[{"name":"wp","href":"https:\/\/api.w.org\/{rel}","templated":true}]}}