{"id":3821,"date":"2025-10-17T09:56:49","date_gmt":"2025-10-17T09:56:49","guid":{"rendered":"https:\/\/mysteretbouledegomme.com\/?post_type=product&#038;p=3821"},"modified":"2025-11-18T14:10:15","modified_gmt":"2025-11-18T14:10:15","slug":"ours-blanc","status":"publish","type":"product","link":"https:\/\/mysteretbouledegomme.com\/en\/product\/ours-blanc\/","title":{"rendered":"L&#8217;ourson blanc"},"content":{"rendered":"<h3 data-start=\"134\" data-end=\"187\">\u2744\ufe0f L&#8217;ourson blanc \u2013 Sculpture en laine card\u00e9e<\/h3>\n<p data-start=\"189\" data-end=\"434\">Avec son regard tendre et son petit bonnet tricot\u00e9, <strong data-start=\"241\" data-end=\"264\">le Nounours Polaire<\/strong> semble tout droit venu d\u2019un pays de neige et de douceur. Assis calmement, il invite \u00e0 la r\u00eaverie et \u00e0 la tendresse, comme un compagnon silencieux qui apaise les c\u0153urs.<\/p>\n<p data-start=\"436\" data-end=\"764\">Enti\u00e8rement fa\u00e7onn\u00e9 \u00e0 la main dans mon atelier \u00e0 Wallers, ce petit ours est une <strong data-start=\"516\" data-end=\"545\">sculpture en laine card\u00e9e<\/strong> r\u00e9alis\u00e9e selon la technique du feutrage \u00e0 l\u2019aiguille. Chaque d\u00e9tail \u2013 de son museau en forme de c\u0153ur \u00e0 son bonnet en laine fine \u2013 est travaill\u00e9 avec patience et amour, faisant de lui une <strong data-start=\"733\" data-end=\"761\">pi\u00e8ce unique et po\u00e9tique<\/strong>.<\/p>\n<p data-start=\"766\" data-end=\"1032\">\ud83d\udcab <strong data-start=\"769\" data-end=\"785\">Pi\u00e8ce unique<\/strong>\u00a0<br data-start=\"836\" data-end=\"839\" \/>\ud83c\udf3f <strong data-start=\"842\" data-end=\"855\">Mat\u00e9riaux<\/strong> : laine de mouton 100 % naturelle.<br data-start=\"903\" data-end=\"906\" \/>\ud83d\udccf <strong data-start=\"909\" data-end=\"923\">Dimensions<\/strong> : il mesure approximativement 21 cm de hauteur x 21 de large, sa t\u00eate pivote \u00e0 360\u00b0<br data-start=\"962\" data-end=\"965\" \/>\u26a0\ufe0f <strong data-start=\"968\" data-end=\"977\" data-is-only-node=\"\">Usage<\/strong> : objet de d\u00e9coration \u2013 ne convient pas aux enfants.<\/p>\n<p data-start=\"1034\" data-end=\"1190\">\n<p>&nbsp;<\/p>","protected":false},"excerpt":{"rendered":"<p>\u2744\ufe0f L&#8217;ourson blanc \u2013 Sculpture en laine card\u00e9e Avec son regard tendre et son petit bonnet tricot\u00e9, le Nounours Polaire semble tout droit venu d\u2019un pays de neige et de douceur. Assis calmement, il invite \u00e0 la r\u00eaverie et \u00e0 la tendresse, comme un compagnon silencieux qui apaise les c\u0153urs. Enti\u00e8rement fa\u00e7onn\u00e9 \u00e0 la main [&hellip;]<\/p>","protected":false},"featured_media":4143,"comment_status":"open","ping_status":"closed","template":"","meta":{"om_disable_all_campaigns":false,"_monsterinsights_skip_tracking":false,"_monsterinsights_sitenote_active":false,"_monsterinsights_sitenote_note":"","_monsterinsights_sitenote_category":0,"_uf_show_specific_survey":0,"_uf_disable_surveys":false},"product_brand":[],"product_cat":[88],"product_tag":[],"class_list":{"0":"post-3821","1":"product","2":"type-product","3":"status-publish","4":"has-post-thumbnail","6":"product_cat-les-personnages-feutres","8":"first","9":"instock","10":"shipping-taxable","11":"purchasable","12":"product-type-simple"},"aioseo_notices":[],"_links":{"self":[{"href":"https:\/\/mysteretbouledegomme.com\/en\/wp-json\/wp\/v2\/product\/3821","targetHints":{"allow":["GET"]}}],"collection":[{"href":"https:\/\/mysteretbouledegomme.com\/en\/wp-json\/wp\/v2\/product"}],"about":[{"href":"https:\/\/mysteretbouledegomme.com\/en\/wp-json\/wp\/v2\/types\/product"}],"replies":[{"embeddable":true,"href":"https:\/\/mysteretbouledegomme.com\/en\/wp-json\/wp\/v2\/comments?post=3821"}],"wp:featuredmedia":[{"embeddable":true,"href":"https:\/\/mysteretbouledegomme.com\/en\/wp-json\/wp\/v2\/media\/4143"}],"wp:attachment":[{"href":"https:\/\/mysteretbouledegomme.com\/en\/wp-json\/wp\/v2\/media?parent=3821"}],"wp:term":[{"taxonomy":"product_brand","embeddable":true,"href":"https:\/\/mysteretbouledegomme.com\/en\/wp-json\/wp\/v2\/product_brand?post=3821"},{"taxonomy":"product_cat","embeddable":true,"href":"https:\/\/mysteretbouledegomme.com\/en\/wp-json\/wp\/v2\/product_cat?post=3821"},{"taxonomy":"product_tag","embeddable":true,"href":"https:\/\/mysteretbouledegomme.com\/en\/wp-json\/wp\/v2\/product_tag?post=3821"}],"curies":[{"name":"wp","href":"https:\/\/api.w.org\/{rel}","templated":true}]}}