{"id":4240,"date":"2025-09-04T16:06:28","date_gmt":"2025-09-04T16:06:28","guid":{"rendered":"https:\/\/mysteretbouledegomme.com\/?post_type=product&#038;p=4240"},"modified":"2025-11-10T17:38:32","modified_gmt":"2025-11-10T17:38:32","slug":"kit-feutrage-petit-oiseau-dodu","status":"publish","type":"product","link":"https:\/\/mysteretbouledegomme.com\/en\/product\/kit-feutrage-petit-oiseau-dodu\/","title":{"rendered":"Kit de feutrage \u00e0 l&#8217;aiguille, le petit oiseau dodu"},"content":{"rendered":"<p>Ce kit vous permettra de r\u00e9aliser deux petits oiseaux dodus.<br \/>\nIl est compos\u00e9 :<br \/>\nD\u2019une poign\u00e9e de feutrage compos\u00e9e de trois aiguilles<br \/>\nUne mousse de feutrage<br \/>\ndeux boules de polystyr\u00e8ne<br \/>\nDeux petits bouts de bois<br \/>\nDeux petits becs<br \/>\n3 couleurs de laine card\u00e9e ( gris, noir, blanc)+ un petit bonus pour les ailes<br \/>\nDe la ficelle<br \/>\nUn gabarit pour les ailes<br \/>\nUn lien vous permettant de visionner le pas \u00e0 pas sur Youtube.<\/p>\n<p>Approximativement 7 cm de haut x 11 cm de long<\/p>\n<p>Il ne s&#8217;agit pas d&#8217;un produit fini mais de mat\u00e9riels pour confectionner vous m\u00eame 2 petits oiseaux dodus<\/p>\n<p><strong>Le kit ainsi que le pas \u00e0 pas r\u00e9alis\u00e9 en vid\u00e9o est une cr\u00e9ation originale de Myst\u00e8re &amp; Boule de gomme. Il ne peut \u00eatre partag\u00e9 ou utiliser \u00e0 des fins commerciales.<\/strong><\/p>\n<p><strong>Ne convient pas aux enfants de moins de 10 ans<\/strong><\/p>","protected":false},"excerpt":{"rendered":"<p>Kit de feutrage d&#8217;un petit oiseau dodu<\/p>","protected":false},"featured_media":4262,"comment_status":"open","ping_status":"closed","template":"","meta":{"om_disable_all_campaigns":false,"_monsterinsights_skip_tracking":false,"_monsterinsights_sitenote_active":false,"_monsterinsights_sitenote_note":"","_monsterinsights_sitenote_category":0,"_uf_show_specific_survey":0,"_uf_disable_surveys":false},"product_brand":[],"product_cat":[41],"product_tag":[],"class_list":{"0":"post-4240","1":"product","2":"type-product","3":"status-publish","4":"has-post-thumbnail","6":"product_cat-les-kits-de-feutrage","8":"first","9":"instock","10":"shipping-taxable","11":"purchasable","12":"product-type-simple"},"aioseo_notices":[],"_links":{"self":[{"href":"https:\/\/mysteretbouledegomme.com\/en\/wp-json\/wp\/v2\/product\/4240","targetHints":{"allow":["GET"]}}],"collection":[{"href":"https:\/\/mysteretbouledegomme.com\/en\/wp-json\/wp\/v2\/product"}],"about":[{"href":"https:\/\/mysteretbouledegomme.com\/en\/wp-json\/wp\/v2\/types\/product"}],"replies":[{"embeddable":true,"href":"https:\/\/mysteretbouledegomme.com\/en\/wp-json\/wp\/v2\/comments?post=4240"}],"wp:featuredmedia":[{"embeddable":true,"href":"https:\/\/mysteretbouledegomme.com\/en\/wp-json\/wp\/v2\/media\/4262"}],"wp:attachment":[{"href":"https:\/\/mysteretbouledegomme.com\/en\/wp-json\/wp\/v2\/media?parent=4240"}],"wp:term":[{"taxonomy":"product_brand","embeddable":true,"href":"https:\/\/mysteretbouledegomme.com\/en\/wp-json\/wp\/v2\/product_brand?post=4240"},{"taxonomy":"product_cat","embeddable":true,"href":"https:\/\/mysteretbouledegomme.com\/en\/wp-json\/wp\/v2\/product_cat?post=4240"},{"taxonomy":"product_tag","embeddable":true,"href":"https:\/\/mysteretbouledegomme.com\/en\/wp-json\/wp\/v2\/product_tag?post=4240"}],"curies":[{"name":"wp","href":"https:\/\/api.w.org\/{rel}","templated":true}]}}