{"id":4243,"date":"2025-11-04T16:10:20","date_gmt":"2025-11-04T16:10:20","guid":{"rendered":"https:\/\/mysteretbouledegomme.com\/?post_type=product&#038;p=4243"},"modified":"2025-11-18T14:56:22","modified_gmt":"2025-11-18T14:56:22","slug":"kit-feutrage-mister-jingles","status":"publish","type":"product","link":"https:\/\/mysteretbouledegomme.com\/en\/product\/kit-feutrage-mister-jingles\/","title":{"rendered":"Kit de feutrage \u00e0 l&#8217;aiguille, Mister Jingles"},"content":{"rendered":"<p>Ce kit vous permettra de confectionner Miss ou Mister Jingles.<br \/>\nIl sera compos\u00e9 :<br \/>\nDe laine card\u00e9e blanche et rose<br \/>\nDe cure pipe<br \/>\nDe fil de fer<br \/>\nD&#8217;une paire yeux<br \/>\nD&#8217;une paire de basket<br \/>\nD&#8217;une paire d&#8217;oreilles en feutrine<br \/>\nD&#8217;un tapis de feutrage<br \/>\nDe deux aiguilles \u00e0 carder<br \/>\nD&#8217;une feuille A4, vous indiquant les mesures du corps.<\/p>\n<p>Un lien\u00a0 YouTube vous permettant de r\u00e9aliser pas \u00e0 pas la petite souris.<\/p>\n<p>Mister Jingles mesure entre 21 et 23 cm approximativement une fois fini<\/p>\n<p>Il ne s&#8217;agit pas d&#8217;un produit fini mais de mat\u00e9riels pour confectionner vous m\u00eame la petite souris.<\/p>\n<p><strong>Le kit ainsi que le pas \u00e0 pas r\u00e9alis\u00e9 en vid\u00e9o est une cr\u00e9ation originale de Myst\u00e8re &amp; Boule de gomme. Il ne peut \u00eatre partag\u00e9 ou utiliser \u00e0 des fins commerciales.<\/strong><\/p>\n<p><strong>(Photo du kit non contractuelle, le kit ne comprend pas tous les accessoires sur la photo de pr\u00e9sentation )\u00a0<\/strong><\/p>\n<p><strong>Ne convient pas aux enfants de moins de 10 ans<\/strong><\/p>","protected":false},"excerpt":{"rendered":"<p>Kit de feutrage de Mister Jingles<\/p>","protected":false},"featured_media":4559,"comment_status":"open","ping_status":"closed","template":"","meta":{"om_disable_all_campaigns":false,"_monsterinsights_skip_tracking":false,"_monsterinsights_sitenote_active":false,"_monsterinsights_sitenote_note":"","_monsterinsights_sitenote_category":0,"_uf_show_specific_survey":0,"_uf_disable_surveys":false},"product_brand":[],"product_cat":[41],"product_tag":[],"class_list":{"0":"post-4243","1":"product","2":"type-product","3":"status-publish","4":"has-post-thumbnail","6":"product_cat-les-kits-de-feutrage","8":"first","9":"instock","10":"shipping-taxable","11":"purchasable","12":"product-type-simple"},"aioseo_notices":[],"_links":{"self":[{"href":"https:\/\/mysteretbouledegomme.com\/en\/wp-json\/wp\/v2\/product\/4243","targetHints":{"allow":["GET"]}}],"collection":[{"href":"https:\/\/mysteretbouledegomme.com\/en\/wp-json\/wp\/v2\/product"}],"about":[{"href":"https:\/\/mysteretbouledegomme.com\/en\/wp-json\/wp\/v2\/types\/product"}],"replies":[{"embeddable":true,"href":"https:\/\/mysteretbouledegomme.com\/en\/wp-json\/wp\/v2\/comments?post=4243"}],"wp:featuredmedia":[{"embeddable":true,"href":"https:\/\/mysteretbouledegomme.com\/en\/wp-json\/wp\/v2\/media\/4559"}],"wp:attachment":[{"href":"https:\/\/mysteretbouledegomme.com\/en\/wp-json\/wp\/v2\/media?parent=4243"}],"wp:term":[{"taxonomy":"product_brand","embeddable":true,"href":"https:\/\/mysteretbouledegomme.com\/en\/wp-json\/wp\/v2\/product_brand?post=4243"},{"taxonomy":"product_cat","embeddable":true,"href":"https:\/\/mysteretbouledegomme.com\/en\/wp-json\/wp\/v2\/product_cat?post=4243"},{"taxonomy":"product_tag","embeddable":true,"href":"https:\/\/mysteretbouledegomme.com\/en\/wp-json\/wp\/v2\/product_tag?post=4243"}],"curies":[{"name":"wp","href":"https:\/\/api.w.org\/{rel}","templated":true}]}}