{"id":4247,"date":"2025-11-04T16:15:03","date_gmt":"2025-11-04T16:15:03","guid":{"rendered":"https:\/\/mysteretbouledegomme.com\/?post_type=product&#038;p=4247"},"modified":"2025-11-10T14:40:40","modified_gmt":"2025-11-10T14:40:40","slug":"kit-feutage-part-de-tarte-au-citron","status":"publish","type":"product","link":"https:\/\/mysteretbouledegomme.com\/en\/product\/kit-feutage-part-de-tarte-au-citron\/","title":{"rendered":"Kit de feutrage \u00e0 l&#8217;aiguille, la part de tarte au citron"},"content":{"rendered":"<p>Ce kit vous permettra de r\u00e9aliser une jolie tarte au citron z\u00e9ro calorie.<br \/>\nIl est compos\u00e9 :<br \/>\nUne forme en polystyrene en forme de tarte<br \/>\nDe la laine card\u00e9e de 2 couleurs<br \/>\nDeux \u00e9tiquettes &#8221; z\u00e9ro calorie &#8221;<br \/>\nUne poign\u00e9e de feutrage avec 3 aiguilles<br \/>\nUne mousse de feutrage<br \/>\nUne boite sp\u00e9ciale pour mettre votre tarte<br \/>\n13cm de Long \u00a0X 6cm \u00a0de hauteur x 10 cm de large approximativement<br \/>\nLe lien vid\u00e9o vous permettant de suivre un pas \u00e0 pas sur youtube<\/p>\n<p>Il ne s&#8217;agit pas d&#8217;un produit fini mais de mat\u00e9riels pour confectionner vous m\u00eame 2 petits oiseaux dodus<\/p>\n<p><strong>Le kit ainsi que le pas \u00e0 pas r\u00e9alis\u00e9 en vid\u00e9o est une cr\u00e9ation originale de Myst\u00e8re &amp; Boule de gomme. Il ne peut \u00eatre partag\u00e9 ou utiliser \u00e0 des fins commerciales.<\/strong><\/p>\n<p><strong>Ne convient pas aux enfants de moins de 10 ans<\/strong><\/p>","protected":false},"excerpt":{"rendered":"<p>Kit de feutrage pour cr\u00e9er une part de tarte au citron<\/p>","protected":false},"featured_media":4264,"comment_status":"open","ping_status":"closed","template":"","meta":{"om_disable_all_campaigns":false,"_monsterinsights_skip_tracking":false,"_monsterinsights_sitenote_active":false,"_monsterinsights_sitenote_note":"","_monsterinsights_sitenote_category":0,"_uf_show_specific_survey":0,"_uf_disable_surveys":false},"product_brand":[],"product_cat":[41],"product_tag":[],"class_list":{"0":"post-4247","1":"product","2":"type-product","3":"status-publish","4":"has-post-thumbnail","6":"product_cat-les-kits-de-feutrage","8":"first","9":"instock","10":"shipping-taxable","11":"purchasable","12":"product-type-simple"},"aioseo_notices":[],"_links":{"self":[{"href":"https:\/\/mysteretbouledegomme.com\/en\/wp-json\/wp\/v2\/product\/4247","targetHints":{"allow":["GET"]}}],"collection":[{"href":"https:\/\/mysteretbouledegomme.com\/en\/wp-json\/wp\/v2\/product"}],"about":[{"href":"https:\/\/mysteretbouledegomme.com\/en\/wp-json\/wp\/v2\/types\/product"}],"replies":[{"embeddable":true,"href":"https:\/\/mysteretbouledegomme.com\/en\/wp-json\/wp\/v2\/comments?post=4247"}],"wp:featuredmedia":[{"embeddable":true,"href":"https:\/\/mysteretbouledegomme.com\/en\/wp-json\/wp\/v2\/media\/4264"}],"wp:attachment":[{"href":"https:\/\/mysteretbouledegomme.com\/en\/wp-json\/wp\/v2\/media?parent=4247"}],"wp:term":[{"taxonomy":"product_brand","embeddable":true,"href":"https:\/\/mysteretbouledegomme.com\/en\/wp-json\/wp\/v2\/product_brand?post=4247"},{"taxonomy":"product_cat","embeddable":true,"href":"https:\/\/mysteretbouledegomme.com\/en\/wp-json\/wp\/v2\/product_cat?post=4247"},{"taxonomy":"product_tag","embeddable":true,"href":"https:\/\/mysteretbouledegomme.com\/en\/wp-json\/wp\/v2\/product_tag?post=4247"}],"curies":[{"name":"wp","href":"https:\/\/api.w.org\/{rel}","templated":true}]}}