{"id":4428,"date":"2025-11-10T14:53:34","date_gmt":"2025-11-10T14:53:34","guid":{"rendered":"https:\/\/mysteretbouledegomme.com\/?post_type=product&#038;p=4428"},"modified":"2025-11-18T14:06:46","modified_gmt":"2025-11-18T14:06:46","slug":"mini-tete-de-miss-flopsy","status":"publish","type":"product","link":"https:\/\/mysteretbouledegomme.com\/en\/product\/mini-tete-de-miss-flopsy\/","title":{"rendered":"Mini t\u00eate de Miss Flopsy"},"content":{"rendered":"<h3 data-start=\"114\" data-end=\"175\">\ud83c\udf3c Mini t\u00eate de Miss Flopsy \u2013 Sculpture en laine card\u00e9e<\/h3>\n<p data-start=\"177\" data-end=\"405\">Sous son petit bonnet crochet\u00e9 vert sauge et sa fleur d\u00e9licate, <strong data-start=\"240\" data-end=\"255\">Miss Flopsy<\/strong> a l\u2019air de sortir d\u2019un jardin enchant\u00e9. Avec ses joues roses, son regard tout doux et son \u00e9charpe en laine, elle respire la tendresse et la po\u00e9sie.<\/p>\n<p data-start=\"407\" data-end=\"687\">Enti\u00e8rement model\u00e9e \u00e0 la main en <strong data-start=\"440\" data-end=\"472\">laine card\u00e9e 100 % naturelle<\/strong>, cette sculpture incarne tout le charme de l\u2019artisanat. Mont\u00e9e sur un socle en bois clair, elle trouve sa place aussi bien sur une \u00e9tag\u00e8re, une commode ou un bureau \u2014 comme un petit rayon de douceur au quotidien.<\/p>\n<p data-start=\"689\" data-end=\"953\">\ud83d\udcab <strong data-start=\"692\" data-end=\"708\">Pi\u00e8ce unique<\/strong>\u00a0<br data-start=\"759\" data-end=\"762\" \/>\ud83c\udf3f <strong data-start=\"765\" data-end=\"778\">Mat\u00e9riaux<\/strong> : laine mouton,\u00a0 bois naturel.<br data-start=\"824\" data-end=\"827\" \/>\ud83d\udccf <strong data-start=\"830\" data-end=\"844\">Dimensions<\/strong> : hauteur environ\u00a0 18 cm aproximatif &#8211; Support bois 5 cm x 5 cm<br data-start=\"883\" data-end=\"886\" \/>\u26a0\ufe0f <strong data-start=\"889\" data-end=\"898\">Usage<\/strong> : objet de d\u00e9coration \u2013 ne convient pas aux enfants.<\/p>\n<p data-start=\"955\" data-end=\"1063\">Miss Flopsy est une bulle de tendresse et de po\u00e9sie, un petit personnage plein d\u2019\u00e2me.<\/p>\n<blockquote data-start=\"1064\" data-end=\"1108\">\n<p data-start=\"1066\" data-end=\"1108\">\n<\/blockquote>","protected":false},"excerpt":{"rendered":"<p>Sculpture de Miss Flopsy en laine card\u00e9e<\/p>","protected":false},"featured_media":4549,"comment_status":"open","ping_status":"closed","template":"","meta":{"om_disable_all_campaigns":false,"_monsterinsights_skip_tracking":false,"_monsterinsights_sitenote_active":false,"_monsterinsights_sitenote_note":"","_monsterinsights_sitenote_category":0,"_uf_show_specific_survey":0,"_uf_disable_surveys":false},"product_brand":[],"product_cat":[87],"product_tag":[],"class_list":{"0":"post-4428","1":"product","2":"type-product","3":"status-publish","4":"has-post-thumbnail","6":"product_cat-divers","8":"first","9":"instock","10":"shipping-taxable","11":"purchasable","12":"product-type-simple"},"aioseo_notices":[],"_links":{"self":[{"href":"https:\/\/mysteretbouledegomme.com\/en\/wp-json\/wp\/v2\/product\/4428","targetHints":{"allow":["GET"]}}],"collection":[{"href":"https:\/\/mysteretbouledegomme.com\/en\/wp-json\/wp\/v2\/product"}],"about":[{"href":"https:\/\/mysteretbouledegomme.com\/en\/wp-json\/wp\/v2\/types\/product"}],"replies":[{"embeddable":true,"href":"https:\/\/mysteretbouledegomme.com\/en\/wp-json\/wp\/v2\/comments?post=4428"}],"wp:featuredmedia":[{"embeddable":true,"href":"https:\/\/mysteretbouledegomme.com\/en\/wp-json\/wp\/v2\/media\/4549"}],"wp:attachment":[{"href":"https:\/\/mysteretbouledegomme.com\/en\/wp-json\/wp\/v2\/media?parent=4428"}],"wp:term":[{"taxonomy":"product_brand","embeddable":true,"href":"https:\/\/mysteretbouledegomme.com\/en\/wp-json\/wp\/v2\/product_brand?post=4428"},{"taxonomy":"product_cat","embeddable":true,"href":"https:\/\/mysteretbouledegomme.com\/en\/wp-json\/wp\/v2\/product_cat?post=4428"},{"taxonomy":"product_tag","embeddable":true,"href":"https:\/\/mysteretbouledegomme.com\/en\/wp-json\/wp\/v2\/product_tag?post=4428"}],"curies":[{"name":"wp","href":"https:\/\/api.w.org\/{rel}","templated":true}]}}