{"id":4433,"date":"2025-11-10T16:16:49","date_gmt":"2025-11-10T16:16:49","guid":{"rendered":"https:\/\/mysteretbouledegomme.com\/?post_type=product&#038;p=4433"},"modified":"2025-11-18T14:08:30","modified_gmt":"2025-11-18T14:08:30","slug":"mister-jingles-sous-globe-zero-calorie","status":"publish","type":"product","link":"https:\/\/mysteretbouledegomme.com\/en\/product\/mister-jingles-sous-globe-zero-calorie\/","title":{"rendered":"Mister Jingles et son globe z\u00e9ro calorie"},"content":{"rendered":"<h3 data-start=\"148\" data-end=\"194\">\ud83c\udf4e Mister Jingles \u2013 Globe \u201cZ\u00e9ro Calorie\u201d<\/h3>\n<p data-start=\"196\" data-end=\"454\">Sous sa cloche de verre, <strong data-start=\"221\" data-end=\"239\">Mister Jingles<\/strong> a fi\u00e8re allure avec sa pomme rouge et son petit panneau <em data-start=\"296\" data-end=\"310\">Z\u00e9ro Calorie<\/em> ! Toujours pr\u00eat \u00e0 croquer la vie \u00e0 pleines dents, ce petit gourmand feutr\u00e9 allie humour et tendresse dans une mise en sc\u00e8ne pleine de charme.<\/p>\n<p data-start=\"456\" data-end=\"781\">Model\u00e9 \u00e0 la main dans mon atelier \u00e0 Wallers, Mister Jingles est une <strong data-start=\"524\" data-end=\"553\">sculpture en laine card\u00e9e <\/strong>\u00a0fa\u00e7onn\u00e9e avec minutie selon la technique du feutrage \u00e0 l\u2019aiguille. Chaque d\u00e9tail \u2014 de sa frimousse curieuse \u00e0 ses baskets miniatures en passant par son foulard tricot\u00e9 et son n\u0153ud rouge \u2014 est pens\u00e9 pour raconter une histoire.<\/p>\n<p data-start=\"783\" data-end=\"1071\">\ud83d\udcab <strong data-start=\"786\" data-end=\"802\">Pi\u00e8ce unique<\/strong>\u00a0<br data-start=\"853\" data-end=\"856\" \/>\ud83c\udf3f <strong data-start=\"859\" data-end=\"872\">Mat\u00e9riaux<\/strong> : laine mouton 100 % naturelle, verre, bois, accessoires textiles.<br data-start=\"942\" data-end=\"945\" \/>\ud83d\udccf <strong data-start=\"948\" data-end=\"962\">Dimensions<\/strong> : hauteur environ\u00a0 27 cm\u00a0 et 14 cm de diam\u00e8tre<br data-start=\"1001\" data-end=\"1004\" \/>\u26a0\ufe0f <strong data-start=\"1007\" data-end=\"1016\" data-is-only-node=\"\">Usage<\/strong> : objet de d\u00e9coration \u2013 ne convient pas aux enfants.<\/p>","protected":false},"excerpt":{"rendered":"<h3 data-start=\"148\" data-end=\"194\">\ud83c\udf4e Mister Jingles \u2013 Globe \u201cZ\u00e9ro Calorie\u201d<\/h3>","protected":false},"featured_media":4545,"comment_status":"open","ping_status":"closed","template":"","meta":{"om_disable_all_campaigns":false,"_monsterinsights_skip_tracking":false,"_monsterinsights_sitenote_active":false,"_monsterinsights_sitenote_note":"","_monsterinsights_sitenote_category":0,"_uf_show_specific_survey":0,"_uf_disable_surveys":false},"product_brand":[],"product_cat":[37],"product_tag":[],"class_list":{"0":"post-4433","1":"product","2":"type-product","3":"status-publish","4":"has-post-thumbnail","6":"product_cat-les-globes-enchantes","8":"first","9":"instock","10":"shipping-taxable","11":"purchasable","12":"product-type-simple"},"aioseo_notices":[],"_links":{"self":[{"href":"https:\/\/mysteretbouledegomme.com\/en\/wp-json\/wp\/v2\/product\/4433","targetHints":{"allow":["GET"]}}],"collection":[{"href":"https:\/\/mysteretbouledegomme.com\/en\/wp-json\/wp\/v2\/product"}],"about":[{"href":"https:\/\/mysteretbouledegomme.com\/en\/wp-json\/wp\/v2\/types\/product"}],"replies":[{"embeddable":true,"href":"https:\/\/mysteretbouledegomme.com\/en\/wp-json\/wp\/v2\/comments?post=4433"}],"wp:featuredmedia":[{"embeddable":true,"href":"https:\/\/mysteretbouledegomme.com\/en\/wp-json\/wp\/v2\/media\/4545"}],"wp:attachment":[{"href":"https:\/\/mysteretbouledegomme.com\/en\/wp-json\/wp\/v2\/media?parent=4433"}],"wp:term":[{"taxonomy":"product_brand","embeddable":true,"href":"https:\/\/mysteretbouledegomme.com\/en\/wp-json\/wp\/v2\/product_brand?post=4433"},{"taxonomy":"product_cat","embeddable":true,"href":"https:\/\/mysteretbouledegomme.com\/en\/wp-json\/wp\/v2\/product_cat?post=4433"},{"taxonomy":"product_tag","embeddable":true,"href":"https:\/\/mysteretbouledegomme.com\/en\/wp-json\/wp\/v2\/product_tag?post=4433"}],"curies":[{"name":"wp","href":"https:\/\/api.w.org\/{rel}","templated":true}]}}