{"id":4438,"date":"2025-11-10T16:22:57","date_gmt":"2025-11-10T16:22:57","guid":{"rendered":"https:\/\/mysteretbouledegomme.com\/?post_type=product&#038;p=4438"},"modified":"2025-11-18T14:07:58","modified_gmt":"2025-11-18T14:07:58","slug":"mister-jingles-blue-jeans","status":"publish","type":"product","link":"https:\/\/mysteretbouledegomme.com\/en\/product\/mister-jingles-blue-jeans\/","title":{"rendered":"Mister Jingles  &#8211; blue jean"},"content":{"rendered":"<h3 data-start=\"152\" data-end=\"204\">\ud83d\udc2d Mister Jingles \u2013 \u00c9dition \u201cBlue Jean Spirit\u201d<\/h3>\n<p data-start=\"206\" data-end=\"527\">Toujours pr\u00eat \u00e0 partir \u00e0 l\u2019aventure, <strong data-start=\"243\" data-end=\"261\">Mister Jingles<\/strong> arbore son plus beau look : un <strong data-start=\"293\" data-end=\"320\">gilet en jean customis\u00e9<\/strong>, ses <strong data-start=\"326\" data-end=\"343\">baskets roses<\/strong> et un petit <strong data-start=\"356\" data-end=\"375\">ours en tissu <\/strong>qu\u2019il ne quitte jamais. Avec son air r\u00eaveur et son salut malicieux, il incarne la libert\u00e9, la tendresse et une bonne dose de rock\u2019n\u2019roll feutr\u00e9 ! \ud83c\udfb8\u2728<\/p>\n<p data-start=\"529\" data-end=\"830\">Sculpt\u00e9 \u00e0 la main dans mon atelier \u00e0 Wallers, Mister Jingles est r\u00e9alis\u00e9 en <strong data-start=\"605\" data-end=\"637\">laine card\u00e9e <\/strong>selon la technique du feutrage \u00e0 l\u2019aiguille. Chaque d\u00e9tail \u2014 du badge \u00e0 la mini canette dans la poche \u2014 est pens\u00e9 avec minutie pour donner vie \u00e0 ce petit personnage au grand c\u0153ur.<\/p>\n<p data-start=\"832\" data-end=\"1098\">\ud83d\udcab <strong data-start=\"835\" data-end=\"851\">Pi\u00e8ce unique<\/strong>\u00a0<br data-start=\"902\" data-end=\"905\" \/>\ud83c\udf3f <strong data-start=\"908\" data-end=\"921\">Mat\u00e9riaux<\/strong> : laine de mouton 100% naturelle, jean recycl\u00e9, textile, bois.<br data-start=\"969\" data-end=\"972\" \/>\ud83d\udccf <strong data-start=\"975\" data-end=\"989\">Dimensions<\/strong> : hauteur environ 22 cm\u00a0<br data-start=\"1028\" data-end=\"1031\" \/>\u26a0\ufe0f <strong data-start=\"1034\" data-end=\"1043\" data-is-only-node=\"\">Usage<\/strong> : objet de d\u00e9coration \u2013 ne convient pas aux enfants.<\/p>\n<p data-start=\"1100\" data-end=\"1298\">Ce Mister Jingles sera livr\u00e9 dans son emballage personnalis\u00e9<\/p>","protected":false},"excerpt":{"rendered":"<h3 data-start=\"152\" data-end=\"204\">\ud83d\udc2d Mister Jingles \u2013 \u00c9dition \u201cBlue Jean Spirit\u201d<\/h3>\n<p data-start=\"206\" data-end=\"527\">","protected":false},"featured_media":4542,"comment_status":"open","ping_status":"closed","template":"","meta":{"om_disable_all_campaigns":false,"_monsterinsights_skip_tracking":false,"_monsterinsights_sitenote_active":false,"_monsterinsights_sitenote_note":"","_monsterinsights_sitenote_category":0,"_uf_show_specific_survey":0,"_uf_disable_surveys":false},"product_brand":[],"product_cat":[35],"product_tag":[],"class_list":{"0":"post-4438","1":"product","2":"type-product","3":"status-publish","4":"has-post-thumbnail","6":"product_cat-mister-jingles-and-co","8":"first","9":"instock","10":"shipping-taxable","11":"purchasable","12":"product-type-simple"},"aioseo_notices":[],"_links":{"self":[{"href":"https:\/\/mysteretbouledegomme.com\/en\/wp-json\/wp\/v2\/product\/4438","targetHints":{"allow":["GET"]}}],"collection":[{"href":"https:\/\/mysteretbouledegomme.com\/en\/wp-json\/wp\/v2\/product"}],"about":[{"href":"https:\/\/mysteretbouledegomme.com\/en\/wp-json\/wp\/v2\/types\/product"}],"replies":[{"embeddable":true,"href":"https:\/\/mysteretbouledegomme.com\/en\/wp-json\/wp\/v2\/comments?post=4438"}],"wp:featuredmedia":[{"embeddable":true,"href":"https:\/\/mysteretbouledegomme.com\/en\/wp-json\/wp\/v2\/media\/4542"}],"wp:attachment":[{"href":"https:\/\/mysteretbouledegomme.com\/en\/wp-json\/wp\/v2\/media?parent=4438"}],"wp:term":[{"taxonomy":"product_brand","embeddable":true,"href":"https:\/\/mysteretbouledegomme.com\/en\/wp-json\/wp\/v2\/product_brand?post=4438"},{"taxonomy":"product_cat","embeddable":true,"href":"https:\/\/mysteretbouledegomme.com\/en\/wp-json\/wp\/v2\/product_cat?post=4438"},{"taxonomy":"product_tag","embeddable":true,"href":"https:\/\/mysteretbouledegomme.com\/en\/wp-json\/wp\/v2\/product_tag?post=4438"}],"curies":[{"name":"wp","href":"https:\/\/api.w.org\/{rel}","templated":true}]}}