{"id":4537,"date":"2025-11-16T10:06:33","date_gmt":"2025-11-16T10:06:33","guid":{"rendered":"https:\/\/mysteretbouledegomme.com\/?post_type=product&#038;p=4537"},"modified":"2025-11-18T14:22:32","modified_gmt":"2025-11-18T14:22:32","slug":"mister-jingles-bonne-nuit-les-petits","status":"publish","type":"product","link":"https:\/\/mysteretbouledegomme.com\/en\/product\/mister-jingles-bonne-nuit-les-petits\/","title":{"rendered":"Mister Jingles, Bonne nuit les petits"},"content":{"rendered":"<h3 data-start=\"137\" data-end=\"194\">\ud83c\udf19 Mister Jingles \u2013 \u201cBonne nuit les petits\u201d<\/h3>\n<p data-start=\"196\" data-end=\"453\">V\u00eatu de son pyjama bleu et de son bonnet \u00e0 pompon, <strong data-start=\"247\" data-end=\"265\">Mister Jingles<\/strong> se pr\u00e9pare \u00e0 rejoindre le pays des r\u00eaves. Son petit ours dans les bras r\u00e9alis\u00e9 en p\u00e2te polym\u00e8re et son livre pr\u00e9f\u00e9r\u00e9 serr\u00e9 contre lui, il incarne toute la douceur de l\u2019enfance et la magie des soir\u00e9es paisibles.<\/p>\n<p data-start=\"455\" data-end=\"783\">Model\u00e9 \u00e0 la main en <strong data-start=\"475\" data-end=\"507\">laine card\u00e9e<\/strong>, ce Mister Jingles a \u00e9t\u00e9 minutieusement fa\u00e7onn\u00e9 dans mon atelier \u00e0 Wallers gr\u00e2ce \u00e0 la technique du feutrage \u00e0 l\u2019aiguille. Chaque d\u00e9tail \u2013 ses baskets assorties, son bonnet , sa tendresse dans le regard \u2013 en fait une <strong data-start=\"731\" data-end=\"747\">pi\u00e8ce unique<\/strong> empreinte d\u2019\u00e9motion et de po\u00e9sie.<\/p>\n<p data-start=\"785\" data-end=\"1057\">\ud83d\udcab <strong data-start=\"788\" data-end=\"804\">Pi\u00e8ce unique<\/strong>\u00a0<br data-start=\"855\" data-end=\"858\" \/>\ud83c\udf3f <strong data-start=\"861\" data-end=\"874\">Mat\u00e9riaux<\/strong> : laine mouton 100% natuelle, bois, tissu, accessoires textiles.<br data-start=\"928\" data-end=\"931\" \/>\ud83d\udccf <strong data-start=\"934\" data-end=\"948\">Dimensions<\/strong> : hauteur environ 22 cm\u00a0<br data-start=\"987\" data-end=\"990\" \/>\u26a0\ufe0f <strong data-start=\"993\" data-end=\"1002\" data-is-only-node=\"\">Usage<\/strong> : objet de d\u00e9coration \u2013 ne convient pas aux enfants.<\/p>","protected":false},"excerpt":{"rendered":"<h3 data-start=\"152\" data-end=\"204\">\ud83d\udc2d Mister Jingles \u2013 \u00c9dition \u201cBonne nuit les petits\u201d<\/h3>\n<p data-start=\"206\" data-end=\"527\">","protected":false},"featured_media":4538,"comment_status":"open","ping_status":"closed","template":"","meta":{"om_disable_all_campaigns":false,"_monsterinsights_skip_tracking":false,"_monsterinsights_sitenote_active":false,"_monsterinsights_sitenote_note":"","_monsterinsights_sitenote_category":0,"_uf_show_specific_survey":0,"_uf_disable_surveys":false},"product_brand":[],"product_cat":[35],"product_tag":[],"class_list":{"0":"post-4537","1":"product","2":"type-product","3":"status-publish","4":"has-post-thumbnail","6":"product_cat-mister-jingles-and-co","8":"first","9":"instock","10":"shipping-taxable","11":"purchasable","12":"product-type-simple"},"aioseo_notices":[],"_links":{"self":[{"href":"https:\/\/mysteretbouledegomme.com\/en\/wp-json\/wp\/v2\/product\/4537","targetHints":{"allow":["GET"]}}],"collection":[{"href":"https:\/\/mysteretbouledegomme.com\/en\/wp-json\/wp\/v2\/product"}],"about":[{"href":"https:\/\/mysteretbouledegomme.com\/en\/wp-json\/wp\/v2\/types\/product"}],"replies":[{"embeddable":true,"href":"https:\/\/mysteretbouledegomme.com\/en\/wp-json\/wp\/v2\/comments?post=4537"}],"wp:featuredmedia":[{"embeddable":true,"href":"https:\/\/mysteretbouledegomme.com\/en\/wp-json\/wp\/v2\/media\/4538"}],"wp:attachment":[{"href":"https:\/\/mysteretbouledegomme.com\/en\/wp-json\/wp\/v2\/media?parent=4537"}],"wp:term":[{"taxonomy":"product_brand","embeddable":true,"href":"https:\/\/mysteretbouledegomme.com\/en\/wp-json\/wp\/v2\/product_brand?post=4537"},{"taxonomy":"product_cat","embeddable":true,"href":"https:\/\/mysteretbouledegomme.com\/en\/wp-json\/wp\/v2\/product_cat?post=4537"},{"taxonomy":"product_tag","embeddable":true,"href":"https:\/\/mysteretbouledegomme.com\/en\/wp-json\/wp\/v2\/product_tag?post=4537"}],"curies":[{"name":"wp","href":"https:\/\/api.w.org\/{rel}","templated":true}]}}