{"id":4555,"date":"2025-11-18T14:33:10","date_gmt":"2025-11-18T14:33:10","guid":{"rendered":"https:\/\/mysteretbouledegomme.com\/?post_type=product&#038;p=4555"},"modified":"2025-11-18T14:42:57","modified_gmt":"2025-11-18T14:42:57","slug":"petit-ours-du-pole-nord","status":"publish","type":"product","link":"https:\/\/mysteretbouledegomme.com\/en\/product\/petit-ours-du-pole-nord\/","title":{"rendered":"Petit ours du p\u00f4le nord"},"content":{"rendered":"<p data-start=\"97\" data-end=\"157\">\u2744\ufe0f Avec son \u00e9charpe bleu glacier et son museau tout doux, ce <strong data-start=\"217\" data-end=\"244\">Petit Ours du P\u00f4le Nord<\/strong> semble glisser d\u00e9licatement sur un morceau de banquise. \u00c0 ses c\u00f4t\u00e9s, un panneau scintillant indique la direction du pole nord comme s\u2019il \u00e9tait en pleine exp\u00e9dition polaire.<\/p>\n<p data-start=\"425\" data-end=\"741\">Model\u00e9 enti\u00e8rement \u00e0 la main dans mon atelier \u00e0 Wallers, cet ours est r\u00e9alis\u00e9 en <strong data-start=\"506\" data-end=\"538\">laine card\u00e9e <\/strong>\u00a0selon la technique minutieuse du feutrage \u00e0 l\u2019aiguille. Son socle en bois brut et la petite mise en sc\u00e8ne de neige feutr\u00e9e ajoutent une touche chaleureuse et naturelle \u00e0 cette pi\u00e8ce pleine de po\u00e9sie.<\/p>\n<p data-start=\"832\" data-end=\"1098\">\ud83d\udcab <strong data-start=\"835\" data-end=\"851\">Pi\u00e8ce unique<\/strong>\u00a0<br data-start=\"902\" data-end=\"905\" \/>\ud83c\udf3f <strong data-start=\"908\" data-end=\"921\">Mat\u00e9riaux<\/strong> : laine de mouton 100% naturelle, laine, bois.<br data-start=\"969\" data-end=\"972\" \/>\ud83d\udccf <strong data-start=\"975\" data-end=\"989\">Dimensions<\/strong> : hauteur total 12 cm, support 15 X 9 cm approximativement<br data-start=\"1028\" data-end=\"1031\" \/>\u26a0\ufe0f <strong data-start=\"1034\" data-end=\"1043\" data-is-only-node=\"\">Usage<\/strong> : objet de d\u00e9coration \u2013 ne convient pas aux enfants.<\/p>\n<p data-start=\"1100\" data-end=\"1298\">","protected":false},"excerpt":{"rendered":"<h3 data-start=\"152\" data-end=\"204\">Petit ours du p\u00f4le nord<\/h3>\n<p data-start=\"206\" data-end=\"527\">","protected":false},"featured_media":4556,"comment_status":"open","ping_status":"closed","template":"","meta":{"om_disable_all_campaigns":false,"_monsterinsights_skip_tracking":false,"_monsterinsights_sitenote_active":false,"_monsterinsights_sitenote_note":"","_monsterinsights_sitenote_category":0,"_uf_show_specific_survey":0,"_uf_disable_surveys":false},"product_brand":[],"product_cat":[88],"product_tag":[],"class_list":{"0":"post-4555","1":"product","2":"type-product","3":"status-publish","4":"has-post-thumbnail","6":"product_cat-les-personnages-feutres","8":"first","9":"instock","10":"shipping-taxable","11":"purchasable","12":"product-type-simple"},"aioseo_notices":[],"_links":{"self":[{"href":"https:\/\/mysteretbouledegomme.com\/en\/wp-json\/wp\/v2\/product\/4555","targetHints":{"allow":["GET"]}}],"collection":[{"href":"https:\/\/mysteretbouledegomme.com\/en\/wp-json\/wp\/v2\/product"}],"about":[{"href":"https:\/\/mysteretbouledegomme.com\/en\/wp-json\/wp\/v2\/types\/product"}],"replies":[{"embeddable":true,"href":"https:\/\/mysteretbouledegomme.com\/en\/wp-json\/wp\/v2\/comments?post=4555"}],"wp:featuredmedia":[{"embeddable":true,"href":"https:\/\/mysteretbouledegomme.com\/en\/wp-json\/wp\/v2\/media\/4556"}],"wp:attachment":[{"href":"https:\/\/mysteretbouledegomme.com\/en\/wp-json\/wp\/v2\/media?parent=4555"}],"wp:term":[{"taxonomy":"product_brand","embeddable":true,"href":"https:\/\/mysteretbouledegomme.com\/en\/wp-json\/wp\/v2\/product_brand?post=4555"},{"taxonomy":"product_cat","embeddable":true,"href":"https:\/\/mysteretbouledegomme.com\/en\/wp-json\/wp\/v2\/product_cat?post=4555"},{"taxonomy":"product_tag","embeddable":true,"href":"https:\/\/mysteretbouledegomme.com\/en\/wp-json\/wp\/v2\/product_tag?post=4555"}],"curies":[{"name":"wp","href":"https:\/\/api.w.org\/{rel}","templated":true}]}}