{"id":4561,"date":"2025-11-18T16:13:40","date_gmt":"2025-11-18T16:13:40","guid":{"rendered":"https:\/\/mysteretbouledegomme.com\/?post_type=product&#038;p=4561"},"modified":"2025-11-18T16:19:57","modified_gmt":"2025-11-18T16:19:57","slug":"le-petit-faon-endormi","status":"publish","type":"product","link":"https:\/\/mysteretbouledegomme.com\/en\/product\/le-petit-faon-endormi\/","title":{"rendered":"Le petit faon endormi"},"content":{"rendered":"<p data-start=\"209\" data-end=\"618\">Tout doucement blotti sur son lit de mousse, ce <strong data-start=\"257\" data-end=\"279\">Petit Faon Endormi<\/strong> semble s\u2019\u00eatre assoupi sous la protection bienveillante des \u00e9toiles. La sc\u00e8ne respire la tendresse : son pelage tachet\u00e9, son museau d\u00e9licat et le petit ruban rose nich\u00e9 derri\u00e8re son oreille lui donnent un charme infiniment doux. Les champignons rouges compl\u00e8tent l\u2019ensemble d\u2019une touche f\u00e9\u00e9rique, comme un clin d\u2019\u0153il aux contes de la for\u00eat.<\/p>\n<p data-start=\"620\" data-end=\"960\">Sculpt\u00e9 enti\u00e8rement \u00e0 la main dans mon atelier \u00e0 Wallers, ce faon est r\u00e9alis\u00e9 en <strong data-start=\"701\" data-end=\"733\">laine card\u00e9e 100 %,\u00a0 <\/strong>selon la technique minutieuse du feutrage \u00e0 l\u2019aiguille. Son socle en bois\u00a0 et sa mousse v\u00e9g\u00e9tale offrent un \u00e9crin chaleureux et authentique \u00e0 cette pi\u00e8ce unique, pens\u00e9e comme une petite sc\u00e8ne de nature pr\u00e9serv\u00e9e.<\/p>\n<p data-start=\"962\" data-end=\"1257\">\ud83d\udcab <strong data-start=\"965\" data-end=\"981\">Pi\u00e8ce unique<\/strong>\u00a0<br data-start=\"1039\" data-end=\"1042\" \/>\ud83c\udf3f <strong data-start=\"1045\" data-end=\"1058\">Mat\u00e9riaux<\/strong> : laine de mouton 100% naturelle, mousse v\u00e9g\u00e9tale, \u00e9corce naturelle, accessoires d\u00e9coratifs.<br data-start=\"1136\" data-end=\"1139\" \/>\ud83d\udccf <strong data-start=\"1142\" data-end=\"1156\">Dimensions<\/strong> : Hauteur environ cm x cm support en bois 25 cm de diam\u00e8tre<br data-start=\"1187\" data-end=\"1190\" \/>\u26a0\ufe0f <strong data-start=\"1193\" data-end=\"1202\" data-is-only-node=\"\">Usage<\/strong> : objet de d\u00e9coration \u2013 ne convient pas aux enfants.<\/p>\n<p data-start=\"1259\" data-end=\"1438\">Ce Petit Faon Endormi apportera une atmosph\u00e8re apaisante et magique \u00e0 votre int\u00e9rieur \u2014 un fragment de for\u00eat enchant\u00e9e, parfait pour une chambre d\u2019enfant ou un coin douceur. \ud83c\udf3f\u2728<\/p>","protected":false},"excerpt":{"rendered":"<p>Le petit faon endormi<\/p>","protected":false},"featured_media":4562,"comment_status":"open","ping_status":"closed","template":"","meta":{"om_disable_all_campaigns":false,"_monsterinsights_skip_tracking":false,"_monsterinsights_sitenote_active":false,"_monsterinsights_sitenote_note":"","_monsterinsights_sitenote_category":0,"_uf_show_specific_survey":0,"_uf_disable_surveys":false},"product_brand":[],"product_cat":[88],"product_tag":[],"class_list":{"0":"post-4561","1":"product","2":"type-product","3":"status-publish","4":"has-post-thumbnail","6":"product_cat-les-personnages-feutres","8":"first","9":"instock","10":"shipping-taxable","11":"purchasable","12":"product-type-simple"},"aioseo_notices":[],"_links":{"self":[{"href":"https:\/\/mysteretbouledegomme.com\/en\/wp-json\/wp\/v2\/product\/4561","targetHints":{"allow":["GET"]}}],"collection":[{"href":"https:\/\/mysteretbouledegomme.com\/en\/wp-json\/wp\/v2\/product"}],"about":[{"href":"https:\/\/mysteretbouledegomme.com\/en\/wp-json\/wp\/v2\/types\/product"}],"replies":[{"embeddable":true,"href":"https:\/\/mysteretbouledegomme.com\/en\/wp-json\/wp\/v2\/comments?post=4561"}],"wp:featuredmedia":[{"embeddable":true,"href":"https:\/\/mysteretbouledegomme.com\/en\/wp-json\/wp\/v2\/media\/4562"}],"wp:attachment":[{"href":"https:\/\/mysteretbouledegomme.com\/en\/wp-json\/wp\/v2\/media?parent=4561"}],"wp:term":[{"taxonomy":"product_brand","embeddable":true,"href":"https:\/\/mysteretbouledegomme.com\/en\/wp-json\/wp\/v2\/product_brand?post=4561"},{"taxonomy":"product_cat","embeddable":true,"href":"https:\/\/mysteretbouledegomme.com\/en\/wp-json\/wp\/v2\/product_cat?post=4561"},{"taxonomy":"product_tag","embeddable":true,"href":"https:\/\/mysteretbouledegomme.com\/en\/wp-json\/wp\/v2\/product_tag?post=4561"}],"curies":[{"name":"wp","href":"https:\/\/api.w.org\/{rel}","templated":true}]}}